{"id":80,"date":"2018-12-06T02:01:17","date_gmt":"2018-12-06T07:01:17","guid":{"rendered":"https:\/\/hablemos.co\/web\/?page_id=80"},"modified":"2022-09-17T11:42:44","modified_gmt":"2022-09-17T16:42:44","slug":"quienes-somos","status":"publish","type":"page","link":"https:\/\/hablemos.co\/web\/quienes-somos\/","title":{"rendered":"Qui\u00e9nes somos"},"content":{"rendered":"<p>[et_pb_section fb_built=&#8221;1&#8243; _builder_version=&#8221;3.22.4&#8243; background_color=&#8221;#9954BE&#8221; parallax=&#8221;on&#8221; box_shadow_style=&#8221;preset3&#8243; custom_padding=&#8221;54px|0px|80px|0px|false|false&#8221; animation_style=&#8221;bounce&#8221;][et_pb_row _builder_version=&#8221;3.22.3&#8243;][et_pb_column type=&#8221;4_4&#8243; _builder_version=&#8221;3.17.4&#8243;][et_pb_text _builder_version=&#8221;3.22.4&#8243; text_font=&#8221;||||||||&#8221; text_text_color=&#8221;#ffffff&#8221; header_font=&#8221;|700|||||||&#8221; header_text_color=&#8221;#ffffff&#8221;]<\/p>\n<h1 style=\"text-align: center;\">Sobre Nosotros<\/h1>\n<p style=\"text-align: center;\">Fundaci\u00f3n Hablemos<\/p>\n<p>[\/et_pb_text][\/et_pb_column][\/et_pb_row][\/et_pb_section][et_pb_section fb_built=&#8221;1&#8243; specialty=&#8221;on&#8221; _builder_version=&#8221;3.22.3&#8243;][et_pb_column type=&#8221;1_2&#8243; _builder_version=&#8221;3.0.47&#8243; parallax__hover=&#8221;off&#8221; parallax_method__hover=&#8221;on&#8221;][et_pb_image src=&#8221;https:\/\/hablemos.co\/web\/wp-content\/uploads\/2021\/04\/71736555_1143943545796657_310129800213692416_o-1.jpg&#8221; _builder_version=&#8221;3.22.4&#8243;][\/et_pb_image][\/et_pb_column][et_pb_column type=&#8221;1_2&#8243; specialty_columns=&#8221;2&#8243; _builder_version=&#8221;3.0.47&#8243; parallax__hover=&#8221;off&#8221; parallax_method__hover=&#8221;on&#8221;][et_pb_row_inner custom_padding=&#8221;||13px|||&#8221; _builder_version=&#8221;3.17.4&#8243;][et_pb_column_inner type=&#8221;4_4&#8243; saved_specialty_column_type=&#8221;1_2&#8243; _builder_version=&#8221;3.0.47&#8243; parallax__hover=&#8221;off&#8221; parallax_method__hover=&#8221;on&#8221;][et_pb_text _builder_version=&#8221;3.22.4&#8243; text_font=&#8221;||||||||&#8221; header_2_font=&#8221;|800|||||||&#8221;]<\/p>\n<h2>Misi\u00f3n:<\/h2>\n<p>La fundaci\u00f3n hablemos es una organizaci\u00f3n de la sociedad civil que surge como una expresi\u00f3n de solidaridad, cultura del encuentro y comuni\u00f3n territorial que se dedica a la generaci\u00f3n de din\u00e1micas para construcci\u00f3n del tejido social y la gobernanza.<\/p>\n<p>[\/et_pb_text][\/et_pb_column_inner][\/et_pb_row_inner][et_pb_row_inner _builder_version=&#8221;3.17.4&#8243;][et_pb_column_inner type=&#8221;4_4&#8243; saved_specialty_column_type=&#8221;1_2&#8243; _builder_version=&#8221;3.0.47&#8243; parallax__hover=&#8221;off&#8221; parallax_method__hover=&#8221;on&#8221;][et_pb_text _builder_version=&#8221;3.22.4&#8243; text_font=&#8221;||||||||&#8221; header_2_font=&#8221;|800|||||||&#8221;]<\/p>\n<h2>Visi\u00f3n:<\/h2>\n<p>En el a\u00f1o 2026 nos mantendremos como una organizaci\u00f3n reconocida en Norte de Santander y posicionada en el contexto de zonas de frontera binacional, por el desarrollo exitoso de procesos en la construcci\u00f3n de identidades y ciudadan\u00edas incluyentes, humanas y de vanguardia.<\/p>\n<p>[\/et_pb_text][\/et_pb_column_inner][\/et_pb_row_inner][\/et_pb_column][\/et_pb_section][et_pb_section fb_built=&#8221;1&#8243; specialty=&#8221;on&#8221; _builder_version=&#8221;3.22.3&#8243;][et_pb_column type=&#8221;1_2&#8243; specialty_columns=&#8221;2&#8243; _builder_version=&#8221;3.0.47&#8243; parallax__hover=&#8221;off&#8221; parallax_method__hover=&#8221;on&#8221;][et_pb_row_inner _builder_version=&#8221;3.17.4&#8243;][et_pb_column_inner type=&#8221;4_4&#8243; saved_specialty_column_type=&#8221;1_2&#8243; _builder_version=&#8221;3.0.47&#8243; parallax__hover=&#8221;off&#8221; parallax_method__hover=&#8221;on&#8221;][et_pb_text _builder_version=&#8221;3.17.4&#8243; text_font=&#8221;||||||||&#8221; header_2_font=&#8221;|800|||||||&#8221;]<\/p>\n<h2>Principios:<\/h2>\n<ul>\n<li>Identidad regional<\/li>\n<li>Sentido de pertenencia<\/li>\n<li>Desarrollo territorial<\/li>\n<li>Paz<\/li>\n<li>Compromiso<\/li>\n<li>Confianza<\/li>\n<li>Innovaci\u00f3n social<\/li>\n<li>Memoria<\/li>\n<li>Gesti\u00f3n del conocimiento<\/li>\n<\/ul>\n<p>[\/et_pb_text][\/et_pb_column_inner][\/et_pb_row_inner][et_pb_row_inner _builder_version=&#8221;3.17.4&#8243;][et_pb_column_inner type=&#8221;4_4&#8243; saved_specialty_column_type=&#8221;1_2&#8243; _builder_version=&#8221;3.0.47&#8243; parallax__hover=&#8221;off&#8221; parallax_method__hover=&#8221;on&#8221;][et_pb_text _builder_version=&#8221;3.22.4&#8243; text_font=&#8221;||||||||&#8221; header_2_font=&#8221;|800|||||||&#8221;]<\/p>\n<h2>Objetivos:<\/h2>\n<p>&nbsp;<\/p>\n<p>Tiene como objeto lograr dinamizar los procesos de transformaci\u00f3n social a trav\u00e9s de la construcci\u00f3n del \u00a0tejido social desde las acciones y mecanismos del dialogo, la cultura del encuentro y la generaci\u00f3n de confianza desde las posturas divergentes, y la promoci\u00f3n y ejecuci\u00f3n de acciones sociales y alianzas estrat\u00e9gicas a nivel naci\u00f3nal y\/o internacional para la concreci\u00f3n de buenas pr\u00e1cticas de gobernanza local que atiendan a la especial condici\u00f3n de los territorios, y contribuir as\u00ed a la estabilizaci\u00f3n social y econ\u00f3mica de los mismos; apoyar el proceso de formalizaci\u00f3n e impulso de la econom\u00eda territorial y de inclusi\u00f3n socio-econ\u00f3mica que contribuya al fortalecimiento de la productividad territorial; adelantar labores de formaci\u00f3n educativa frente a personas naturales, jur\u00eddicas y\/o de derecho privado o p\u00fablico, entendiendo la educaci\u00f3n como factor potencializador de capacidades, y desarrollo territorial y transversalizando siempre en sus acciones los enfoques diferenciales, conciliadores y de g\u00e9nero, vitales para el avance de la sociedad a comunidades m\u00e1s democr\u00e1ticas e incluyentes; la formaci\u00f3n de una ciudadan\u00eda que este en la capacidad de generar debate publico constructivo desde posturas cr\u00edticas, informadas y constructivas; generar las din\u00e1micas necesarias para una clara apuesta hacia el goce efectivo de derechos para la equidad e igualdad de g\u00e9nero.<\/p>\n<ul>\n<li>General:<\/li>\n<\/ul>\n<p>Potenciar las capacidades de la ciudadan\u00eda para la construcci\u00f3n de tejido social y gobernanza local como aporte a la paz y el desarrollo territorial, en nota hacia la integraci\u00f3n de la frontera binacional y dinamizaci\u00f3n de las trayectorias de construcci\u00f3n de paz y desarrollo.<\/p>\n<ul>\n<li>Espec\u00edficos:<\/li>\n<\/ul>\n<p>La fundaci\u00f3n para cumplir con el objeto social por el cual se constituye desarrollara los siguientes objetivos espec\u00edficos:<\/p>\n<ul>\n<li>Actuar como un elaborador, participe o socio implementador directo de proyectos, acuerdos multilaterales, estrategias interinstitucionales, pol\u00edticas p\u00fablicas y\/ o dem\u00e1s iniciativas que surjan de personas naturales y\/o jur\u00eddicas de derecho privado o p\u00fablico, tanto nacionales como internacionales.<\/li>\n<li>Adelantar acciones de consultor\u00eda a instituciones, empresas y entidades del estado en la planeaci\u00f3n, gesti\u00f3n de pol\u00edticas p\u00fablicas y responsabilidad social empresarial.<\/li>\n<li>Planear y ejecutar procesos de formaci\u00f3n educativa y capacitaci\u00f3n, dentro de los sistemas educativos formales e informales y la formaci\u00f3n para el trabajo y el desarrollo humano, de acuerdo a las precisiones jur\u00eddicas que contengan la normatividad aplicable a dichos niveles acad\u00e9micos.<\/li>\n<li>Participaci\u00f3n directa en los debates, discusiones o coyunturas locales, nacionales e internacionales en aras de fortalecerlas e incluir en ellas las necesidades y\/o enfoques territoriales.<\/li>\n<li>Ejecutar las acciones pertinentes para coadyuvar procesos de inclusi\u00f3n socio-econ\u00f3mico de diversos sectores sociales de los territorios, as\u00ed como adelantar labores que impulsen el desarrollo empresarial, el emprendimiento y la productividad tanto industrial como comercial de los mismos.<\/li>\n<li>Analizar elementos regionales que permitan visibilizar los territorios desde sus capacidades f\u00edsicas, econ\u00f3micas, sociales y culturales.<\/li>\n<li>Realizar eventos, conversatorios, ferias, exposiciones y dem\u00e1s que cumplan con la doble funci\u00f3n de reactivar el respeto y la promoci\u00f3n de la idiosincrasia regional y nacional, y permitan a trav\u00e9s de una comunicaci\u00f3n efectiva dar relevancia en el debate p\u00fablico social a las controversias y dificultades que se presenten en el territorio objeto de labor de la fundaci\u00f3n.<\/li>\n<li>Construir tejido y movimiento social que reconstruya el esp\u00edritu de los territorios y los lleve a todas las esferas de lo p\u00fablico, a trav\u00e9s de eventos acad\u00e9micos, culturales, art\u00edsticos y ambientales.<\/li>\n<li>Propender por la difusi\u00f3n de las ciencias, la innovaci\u00f3n tecnol\u00f3gica y la cultura desde iniciativas que promuevan una mayor responsabilidad ambiental.<\/li>\n<li>Desarrollar productos que muestren los territorios objeto de trabajo de la fundaci\u00f3n, hacia el exterior, tales como videos, publicaciones escritas, etc.<\/li>\n<li>Las dem\u00e1s que se relacionen con el objeto de creaci\u00f3n de la fundaci\u00f3n.<\/li>\n<\/ul>\n<p>-Generar la producci\u00f3n de memoria hist\u00f3rica.<br \/> -Promoci\u00f3n y difusi\u00f3n de las expresiones art\u00edsticas y el talento regional.<br \/> -Fortalecer la identidad regional y el sentido de pertenencia.<\/p>\n<p>&nbsp;<\/p>\n<p>[\/et_pb_text][\/et_pb_column_inner][\/et_pb_row_inner][\/et_pb_column][et_pb_column type=&#8221;1_2&#8243; _builder_version=&#8221;3.0.47&#8243; parallax__hover=&#8221;off&#8221; parallax_method__hover=&#8221;on&#8221;][et_pb_image _builder_version=&#8221;3.22.4&#8243;][\/et_pb_image][et_pb_image src=&#8221;https:\/\/hablemos.co\/web\/wp-content\/uploads\/2021\/04\/87853038_1280037818853895_939738702630879232_o-1.jpg&#8221; _builder_version=&#8221;3.22.4&#8243;][\/et_pb_image][et_pb_image src=&#8221;https:\/\/hablemos.co\/web\/wp-content\/uploads\/2021\/04\/75210697_1164116247112720_888366955285708800_o-1.jpg&#8221; _builder_version=&#8221;3.22.4&#8243;][\/et_pb_image][et_pb_image _builder_version=&#8221;3.22.4&#8243;][\/et_pb_image][\/et_pb_column][\/et_pb_section]<\/p>\n","protected":false},"excerpt":{"rendered":"<p>[et_pb_section fb_built=&#8221;1&#8243; _builder_version=&#8221;3.22.4&#8243; background_color=&#8221;#9954BE&#8221; parallax=&#8221;on&#8221; box_shadow_style=&#8221;preset3&#8243; custom_padding=&#8221;54px|0px|80px|0px|false|false&#8221; animation_style=&#8221;bounce&#8221;][et_pb_row _builder_version=&#8221;3.22.3&#8243;][et_pb_column type=&#8221;4_4&#8243; _builder_version=&#8221;3.17.4&#8243;][et_pb_text _builder_version=&#8221;3.22.4&#8243; text_font=&#8221;||||||||&#8221; text_text_color=&#8221;#ffffff&#8221; header_font=&#8221;|700|||||||&#8221; header_text_color=&#8221;#ffffff&#8221;] Sobre Nosotros Fundaci\u00f3n Hablemos [\/et_pb_text][\/et_pb_column][\/et_pb_row][\/et_pb_section][et_pb_section fb_built=&#8221;1&#8243; specialty=&#8221;on&#8221; _builder_version=&#8221;3.22.3&#8243;][et_pb_column type=&#8221;1_2&#8243; _builder_version=&#8221;3.0.47&#8243; parallax__hover=&#8221;off&#8221; parallax_method__hover=&#8221;on&#8221;][et_pb_image src=&#8221;https:\/\/hablemos.co\/web\/wp-content\/uploads\/2021\/04\/71736555_1143943545796657_310129800213692416_o-1.jpg&#8221; _builder_version=&#8221;3.22.4&#8243;][\/et_pb_image][\/et_pb_column][et_pb_column type=&#8221;1_2&#8243; specialty_columns=&#8221;2&#8243; _builder_version=&#8221;3.0.47&#8243; parallax__hover=&#8221;off&#8221; parallax_method__hover=&#8221;on&#8221;][et_pb_row_inner custom_padding=&#8221;||13px|||&#8221; _builder_version=&#8221;3.17.4&#8243;][et_pb_column_inner type=&#8221;4_4&#8243; saved_specialty_column_type=&#8221;1_2&#8243; _builder_version=&#8221;3.0.47&#8243; parallax__hover=&#8221;off&#8221; parallax_method__hover=&#8221;on&#8221;][et_pb_text _builder_version=&#8221;3.22.4&#8243; text_font=&#8221;||||||||&#8221; header_2_font=&#8221;|800|||||||&#8221;] Misi\u00f3n: La fundaci\u00f3n hablemos es una organizaci\u00f3n de la sociedad [&hellip;]<\/p>\n","protected":false},"author":1,"featured_media":0,"parent":0,"menu_order":0,"comment_status":"closed","ping_status":"closed","template":"","meta":{"_et_pb_use_builder":"on","_et_pb_old_content":"","footnotes":""},"class_list":["post-80","page","type-page","status-publish","hentry"],"yoast_head":"<!-- This site is optimized with the Yoast SEO plugin v24.2 - https:\/\/yoast.com\/wordpress\/plugins\/seo\/ -->\n<title>Qui\u00e9nes somos - Hablemos<\/title>\n<meta name=\"robots\" content=\"index, follow, max-snippet:-1, max-image-preview:large, max-video-preview:-1\" \/>\n<link rel=\"canonical\" href=\"https:\/\/hablemos.co\/web\/quienes-somos\/\" \/>\n<meta property=\"og:locale\" content=\"es_ES\" \/>\n<meta property=\"og:type\" content=\"article\" \/>\n<meta property=\"og:title\" content=\"Qui\u00e9nes somos - Hablemos\" \/>\n<meta property=\"og:description\" content=\"[et_pb_section fb_built=&#8221;1&#8243; _builder_version=&#8221;3.22.4&#8243; background_color=&#8221;#9954BE&#8221; parallax=&#8221;on&#8221; box_shadow_style=&#8221;preset3&#8243; custom_padding=&#8221;54px|0px|80px|0px|false|false&#8221; animation_style=&#8221;bounce&#8221;][et_pb_row _builder_version=&#8221;3.22.3&#8243;][et_pb_column type=&#8221;4_4&#8243; _builder_version=&#8221;3.17.4&#8243;][et_pb_text _builder_version=&#8221;3.22.4&#8243; text_font=&#8221;||||||||&#8221; text_text_color=&#8221;#ffffff&#8221; header_font=&#8221;|700|||||||&#8221; header_text_color=&#8221;#ffffff&#8221;] Sobre Nosotros Fundaci\u00f3n Hablemos [\/et_pb_text][\/et_pb_column][\/et_pb_row][\/et_pb_section][et_pb_section fb_built=&#8221;1&#8243; specialty=&#8221;on&#8221; _builder_version=&#8221;3.22.3&#8243;][et_pb_column type=&#8221;1_2&#8243; _builder_version=&#8221;3.0.47&#8243; parallax__hover=&#8221;off&#8221; parallax_method__hover=&#8221;on&#8221;][et_pb_image src=&#8221;https:\/\/hablemos.co\/web\/wp-content\/uploads\/2021\/04\/71736555_1143943545796657_310129800213692416_o-1.jpg&#8221; _builder_version=&#8221;3.22.4&#8243;][\/et_pb_image][\/et_pb_column][et_pb_column type=&#8221;1_2&#8243; specialty_columns=&#8221;2&#8243; _builder_version=&#8221;3.0.47&#8243; parallax__hover=&#8221;off&#8221; parallax_method__hover=&#8221;on&#8221;][et_pb_row_inner custom_padding=&#8221;||13px|||&#8221; _builder_version=&#8221;3.17.4&#8243;][et_pb_column_inner type=&#8221;4_4&#8243; saved_specialty_column_type=&#8221;1_2&#8243; _builder_version=&#8221;3.0.47&#8243; parallax__hover=&#8221;off&#8221; parallax_method__hover=&#8221;on&#8221;][et_pb_text _builder_version=&#8221;3.22.4&#8243; text_font=&#8221;||||||||&#8221; header_2_font=&#8221;|800|||||||&#8221;] Misi\u00f3n: La fundaci\u00f3n hablemos es una organizaci\u00f3n de la sociedad [&hellip;]\" \/>\n<meta property=\"og:url\" content=\"https:\/\/hablemos.co\/web\/quienes-somos\/\" \/>\n<meta property=\"og:site_name\" content=\"Hablemos\" \/>\n<meta property=\"article:publisher\" content=\"https:\/\/www.facebook.com\/FunHablemos\" \/>\n<meta property=\"article:modified_time\" content=\"2022-09-17T16:42:44+00:00\" \/>\n<meta name=\"twitter:card\" content=\"summary_large_image\" \/>\n<meta name=\"twitter:site\" content=\"@FunHablemos\" \/>\n<meta name=\"twitter:label1\" content=\"Tiempo de lectura\" \/>\n\t<meta name=\"twitter:data1\" content=\"6 minutos\" \/>\n<script type=\"application\/ld+json\" class=\"yoast-schema-graph\">{\"@context\":\"https:\/\/schema.org\",\"@graph\":[{\"@type\":\"WebPage\",\"@id\":\"https:\/\/hablemos.co\/web\/quienes-somos\/\",\"url\":\"https:\/\/hablemos.co\/web\/quienes-somos\/\",\"name\":\"Qui\u00e9nes somos - Hablemos\",\"isPartOf\":{\"@id\":\"https:\/\/hablemos.co\/web\/#website\"},\"datePublished\":\"2018-12-06T07:01:17+00:00\",\"dateModified\":\"2022-09-17T16:42:44+00:00\",\"breadcrumb\":{\"@id\":\"https:\/\/hablemos.co\/web\/quienes-somos\/#breadcrumb\"},\"inLanguage\":\"es\",\"potentialAction\":[{\"@type\":\"ReadAction\",\"target\":[\"https:\/\/hablemos.co\/web\/quienes-somos\/\"]}]},{\"@type\":\"BreadcrumbList\",\"@id\":\"https:\/\/hablemos.co\/web\/quienes-somos\/#breadcrumb\",\"itemListElement\":[{\"@type\":\"ListItem\",\"position\":1,\"name\":\"Portada\",\"item\":\"https:\/\/hablemos.co\/web\/\"},{\"@type\":\"ListItem\",\"position\":2,\"name\":\"Qui\u00e9nes somos\"}]},{\"@type\":\"WebSite\",\"@id\":\"https:\/\/hablemos.co\/web\/#website\",\"url\":\"https:\/\/hablemos.co\/web\/\",\"name\":\"Fundaci\u00f3n Hablemos\",\"description\":\"de oportunidades en la frontera\",\"publisher\":{\"@id\":\"https:\/\/hablemos.co\/web\/#organization\"},\"potentialAction\":[{\"@type\":\"SearchAction\",\"target\":{\"@type\":\"EntryPoint\",\"urlTemplate\":\"https:\/\/hablemos.co\/web\/?s={search_term_string}\"},\"query-input\":{\"@type\":\"PropertyValueSpecification\",\"valueRequired\":true,\"valueName\":\"search_term_string\"}}],\"inLanguage\":\"es\"},{\"@type\":\"Organization\",\"@id\":\"https:\/\/hablemos.co\/web\/#organization\",\"name\":\"Fundaci\u00f3n Hablemos\",\"url\":\"https:\/\/hablemos.co\/web\/\",\"logo\":{\"@type\":\"ImageObject\",\"inLanguage\":\"es\",\"@id\":\"https:\/\/hablemos.co\/web\/#\/schema\/logo\/image\/\",\"url\":\"https:\/\/hablemos.co\/web\/wp-content\/uploads\/2019\/03\/logo-Web_RGB.png\",\"contentUrl\":\"https:\/\/hablemos.co\/web\/wp-content\/uploads\/2019\/03\/logo-Web_RGB.png\",\"width\":4160,\"height\":2085,\"caption\":\"Fundaci\u00f3n Hablemos\"},\"image\":{\"@id\":\"https:\/\/hablemos.co\/web\/#\/schema\/logo\/image\/\"},\"sameAs\":[\"https:\/\/www.facebook.com\/FunHablemos\",\"https:\/\/x.com\/FunHablemos\",\"https:\/\/www.instagram.com\/FunHablemos\",\"https:\/\/www.youtube.com\/channel\/UCzK-7VtMotv53nQLJaLcoXA\"]}]}<\/script>\n<!-- \/ Yoast SEO plugin. -->","yoast_head_json":{"title":"Qui\u00e9nes somos - Hablemos","robots":{"index":"index","follow":"follow","max-snippet":"max-snippet:-1","max-image-preview":"max-image-preview:large","max-video-preview":"max-video-preview:-1"},"canonical":"https:\/\/hablemos.co\/web\/quienes-somos\/","og_locale":"es_ES","og_type":"article","og_title":"Qui\u00e9nes somos - Hablemos","og_description":"[et_pb_section fb_built=&#8221;1&#8243; _builder_version=&#8221;3.22.4&#8243; background_color=&#8221;#9954BE&#8221; parallax=&#8221;on&#8221; box_shadow_style=&#8221;preset3&#8243; custom_padding=&#8221;54px|0px|80px|0px|false|false&#8221; animation_style=&#8221;bounce&#8221;][et_pb_row _builder_version=&#8221;3.22.3&#8243;][et_pb_column type=&#8221;4_4&#8243; _builder_version=&#8221;3.17.4&#8243;][et_pb_text _builder_version=&#8221;3.22.4&#8243; text_font=&#8221;||||||||&#8221; text_text_color=&#8221;#ffffff&#8221; header_font=&#8221;|700|||||||&#8221; header_text_color=&#8221;#ffffff&#8221;] Sobre Nosotros Fundaci\u00f3n Hablemos [\/et_pb_text][\/et_pb_column][\/et_pb_row][\/et_pb_section][et_pb_section fb_built=&#8221;1&#8243; specialty=&#8221;on&#8221; _builder_version=&#8221;3.22.3&#8243;][et_pb_column type=&#8221;1_2&#8243; _builder_version=&#8221;3.0.47&#8243; parallax__hover=&#8221;off&#8221; parallax_method__hover=&#8221;on&#8221;][et_pb_image src=&#8221;https:\/\/hablemos.co\/web\/wp-content\/uploads\/2021\/04\/71736555_1143943545796657_310129800213692416_o-1.jpg&#8221; _builder_version=&#8221;3.22.4&#8243;][\/et_pb_image][\/et_pb_column][et_pb_column type=&#8221;1_2&#8243; specialty_columns=&#8221;2&#8243; _builder_version=&#8221;3.0.47&#8243; parallax__hover=&#8221;off&#8221; parallax_method__hover=&#8221;on&#8221;][et_pb_row_inner custom_padding=&#8221;||13px|||&#8221; _builder_version=&#8221;3.17.4&#8243;][et_pb_column_inner type=&#8221;4_4&#8243; saved_specialty_column_type=&#8221;1_2&#8243; _builder_version=&#8221;3.0.47&#8243; parallax__hover=&#8221;off&#8221; parallax_method__hover=&#8221;on&#8221;][et_pb_text _builder_version=&#8221;3.22.4&#8243; text_font=&#8221;||||||||&#8221; header_2_font=&#8221;|800|||||||&#8221;] Misi\u00f3n: La fundaci\u00f3n hablemos es una organizaci\u00f3n de la sociedad [&hellip;]","og_url":"https:\/\/hablemos.co\/web\/quienes-somos\/","og_site_name":"Hablemos","article_publisher":"https:\/\/www.facebook.com\/FunHablemos","article_modified_time":"2022-09-17T16:42:44+00:00","twitter_card":"summary_large_image","twitter_site":"@FunHablemos","twitter_misc":{"Tiempo de lectura":"6 minutos"},"schema":{"@context":"https:\/\/schema.org","@graph":[{"@type":"WebPage","@id":"https:\/\/hablemos.co\/web\/quienes-somos\/","url":"https:\/\/hablemos.co\/web\/quienes-somos\/","name":"Qui\u00e9nes somos - Hablemos","isPartOf":{"@id":"https:\/\/hablemos.co\/web\/#website"},"datePublished":"2018-12-06T07:01:17+00:00","dateModified":"2022-09-17T16:42:44+00:00","breadcrumb":{"@id":"https:\/\/hablemos.co\/web\/quienes-somos\/#breadcrumb"},"inLanguage":"es","potentialAction":[{"@type":"ReadAction","target":["https:\/\/hablemos.co\/web\/quienes-somos\/"]}]},{"@type":"BreadcrumbList","@id":"https:\/\/hablemos.co\/web\/quienes-somos\/#breadcrumb","itemListElement":[{"@type":"ListItem","position":1,"name":"Portada","item":"https:\/\/hablemos.co\/web\/"},{"@type":"ListItem","position":2,"name":"Qui\u00e9nes somos"}]},{"@type":"WebSite","@id":"https:\/\/hablemos.co\/web\/#website","url":"https:\/\/hablemos.co\/web\/","name":"Fundaci\u00f3n Hablemos","description":"de oportunidades en la frontera","publisher":{"@id":"https:\/\/hablemos.co\/web\/#organization"},"potentialAction":[{"@type":"SearchAction","target":{"@type":"EntryPoint","urlTemplate":"https:\/\/hablemos.co\/web\/?s={search_term_string}"},"query-input":{"@type":"PropertyValueSpecification","valueRequired":true,"valueName":"search_term_string"}}],"inLanguage":"es"},{"@type":"Organization","@id":"https:\/\/hablemos.co\/web\/#organization","name":"Fundaci\u00f3n Hablemos","url":"https:\/\/hablemos.co\/web\/","logo":{"@type":"ImageObject","inLanguage":"es","@id":"https:\/\/hablemos.co\/web\/#\/schema\/logo\/image\/","url":"https:\/\/hablemos.co\/web\/wp-content\/uploads\/2019\/03\/logo-Web_RGB.png","contentUrl":"https:\/\/hablemos.co\/web\/wp-content\/uploads\/2019\/03\/logo-Web_RGB.png","width":4160,"height":2085,"caption":"Fundaci\u00f3n Hablemos"},"image":{"@id":"https:\/\/hablemos.co\/web\/#\/schema\/logo\/image\/"},"sameAs":["https:\/\/www.facebook.com\/FunHablemos","https:\/\/x.com\/FunHablemos","https:\/\/www.instagram.com\/FunHablemos","https:\/\/www.youtube.com\/channel\/UCzK-7VtMotv53nQLJaLcoXA"]}]}},"_links":{"self":[{"href":"https:\/\/hablemos.co\/web\/wp-json\/wp\/v2\/pages\/80","targetHints":{"allow":["GET"]}}],"collection":[{"href":"https:\/\/hablemos.co\/web\/wp-json\/wp\/v2\/pages"}],"about":[{"href":"https:\/\/hablemos.co\/web\/wp-json\/wp\/v2\/types\/page"}],"author":[{"embeddable":true,"href":"https:\/\/hablemos.co\/web\/wp-json\/wp\/v2\/users\/1"}],"replies":[{"embeddable":true,"href":"https:\/\/hablemos.co\/web\/wp-json\/wp\/v2\/comments?post=80"}],"version-history":[{"count":27,"href":"https:\/\/hablemos.co\/web\/wp-json\/wp\/v2\/pages\/80\/revisions"}],"predecessor-version":[{"id":2668,"href":"https:\/\/hablemos.co\/web\/wp-json\/wp\/v2\/pages\/80\/revisions\/2668"}],"wp:attachment":[{"href":"https:\/\/hablemos.co\/web\/wp-json\/wp\/v2\/media?parent=80"}],"curies":[{"name":"wp","href":"https:\/\/api.w.org\/{rel}","templated":true}]}}