{"id":7,"date":"2018-12-04T10:19:17","date_gmt":"2018-12-04T15:19:17","guid":{"rendered":"https:\/\/hablemos.co\/web\/?page_id=7"},"modified":"2023-04-12T13:29:19","modified_gmt":"2023-04-12T18:29:19","slug":"inicio","status":"publish","type":"page","link":"https:\/\/hablemos.co\/web\/","title":{"rendered":"Inicio"},"content":{"rendered":"<p>[et_pb_section fb_built=&#8221;1&#8243; fullwidth=&#8221;on&#8221; _builder_version=&#8221;3.22.4&#8243;][et_pb_fullwidth_code _builder_version=&#8221;3.22.4&#8243;]<script type=\"text\/javascript\">\r\ndocument.addEventListener(\"DOMContentLoaded\", function(event) { \r\n\tjQuery( '#slider-pro-3-2494' ).sliderPro({\r\n\t\t\/\/width\r\n\t\t\t\twidth: \"100%\",\r\n\t\t\t\t\r\n\t\t\/\/height\r\n\t\t\t\tautoHeight: true,\r\n\t\t\t\t\r\n\t\t\/\/auto play\r\n\t\t\t\tautoplay:  true,\r\n\t\tautoplayOnHover: 'none',\r\n\t\t\t\t\t\t\t\tautoplayDelay: 10000,\r\n\t\t\r\n\t\t\r\n\t\tarrows: true,\r\n\t\tbuttons: true,\r\n\t\tsmallSize: 500,\r\n\t\tmediumSize: 1000,\r\n\t\tlargeSize: 3000,\r\n\t\tfade: true,\r\n\t\t\r\n\t\t\/\/thumbnail\r\n\t\tthumbnailArrows: true,\r\n\t\tthumbnailWidth: 120,\r\n\t\tthumbnailHeight: 120,\r\n\t\t\t\t\t\tthumbnailsPosition: 'bottom',\r\n\t\t\t\t\t\tcenterImage: true,\r\n\t\timageScaleMode: 'cover',\r\n\t\tallowScaleUp: true,\r\n\t\t\t\tstartSlide: 0,\r\n\t\tloop: true,\r\n\t\tslideDistance: 5,\r\n\t\tautoplayDirection: 'normal',\r\n\t\ttouchSwipe: true,\r\n\t\tfullScreen: true,\r\n\t});\r\n});\r\n<\/script>\r\n<style>\r\n\/* Layout 3 *\/\r\n\/* border *\/\r\n#slider-pro-3-2494 .sp-selected-thumbnail {\r\n\tborder: 4px solid #000000;\r\n}\r\n\r\n\/* font + color *\/\r\n.title-in  {\r\n\tfont-family: Arial !important;\r\n\tcolor: #FFFFFF !important;\r\n\tbackground-color: #000000 !important;\r\n\topacity: 0.7 !important;\r\n}\r\n.desc-in  {\r\n\tfont-family: Arial !important;\r\n\tcolor: #FFFFFF !important;\r\n\tbackground-color: #00000 !important;\r\n\topacity: 0.7 !important;\r\n}\r\n\r\n\/* bullets color *\/\r\n.sp-button  {\r\n\tborder: 2px solid #000000 !important;\r\n}\r\n.sp-selected-button  {\r\n\tbackground-color: #000000 !important;\r\n}\r\n\r\n\/* pointer color - bottom *\/\r\n.sp-selected-thumbnail::before {\r\n\tborder-bottom: 5px solid #000000 !important;\r\n}\r\n.sp-selected-thumbnail::after {\r\n\tborder-bottom: 13px solid #000000 !important;\r\n}\r\n\r\n\/* pointer color - top *\/\r\n\r\n\/* full screen icon *\/\r\n.sp-full-screen-button::before {\r\n    color: #FFFFFF !important;\r\n}\r\n\r\n\/* hover navigation icon color *\/\r\n.sp-next-arrow::after, .sp-next-arrow::before {\r\n\tbackground-color: #FFFFFF !important;\r\n}\r\n.sp-previous-arrow::after, .sp-previous-arrow::before {\r\n\tbackground-color: #FFFFFF !important;\r\n}\r\n\r\n#slider-pro-3-2494 .title-in {\r\n\tcolor: #FFFFFF !important;\r\n\tfont-weight: bolder;\r\n\ttext-align: center;\r\n}\r\n\r\n#slider-pro-3-2494 .title-in-bg {\r\n\tbackground: rgba(255, 255, 255, 0.7); !important;\r\n\twhite-space: unset !important;\r\n\tmax-width: 90%;\r\n\tmin-width: 40%;\r\n\ttransform: initial !important;\r\n\t-webkit-transform: initial !important;\r\n\tfont-size: 14px !important;\r\n}\r\n\r\n#slider-pro-3-2494 .desc-in {\r\n\tcolor: #FFFFFF !important;\r\n\ttext-align: center;\r\n}\r\n#slider-pro-3-2494 .desc-in-bg {\r\n\tbackground: rgba(#00000, 0.7) !important;\r\n\twhite-space: unset !important;\r\n\twidth: 80% !important;\r\n\tmin-width: 30%;\r\n\ttransform: initial !important;\r\n\t-webkit-transform: initial !important;\r\n\tfont-size: 13px !important;\r\n}\r\n\r\n@media (max-width: 640px) {\r\n\t#slider-pro-3-2494 .hide-small-screen {\r\n\t\tdisplay: none;\r\n\t}\r\n}\r\n\r\n@media (max-width: 860px) {\r\n\t#slider-pro-3-2494 .sp-layer {\r\n\t\tfont-size: 18px;\r\n\t}\r\n\t\r\n\t#slider-pro-3-2494 .hide-medium-screen {\r\n\t\tdisplay: none;\r\n\t}\r\n}\r\n.slides-not-found {\r\n\tbackground-color: #a92929;\r\n\tborder-radius: 5px;\r\n\tcolor: #fff;\r\n\tfont-family: initial;\r\n\ttext-align: center;\r\n\tpadding:12px;\r\n}\r\n\/* Custom CSS *\/\r\n<\/style>\r\n\t\t<div id=\"slider-pro-3-2494\" class=\"slider-pro\">\r\n\t\t\t<!---- slides div start ---->\r\n\t\t\t<div class=\"sp-slides\">\r\n\t\t\t\t\t\t\t\t\t\t<div class=\"sp-slide\">\r\n\t\t\t\t\t\t\t<img decoding=\"async\" class=\"sp-image\" alt=\"Mesa de trabajo 1 (1)-min\" src=\"https:\/\/hablemos.co\/web\/wp-content\/plugins\/ultimate-responsive-image-slider\/assets\/css\/images\/blank.gif\" data-src=\"https:\/\/hablemos.co\/web\/wp-content\/uploads\/2022\/08\/Mesa-de-trabajo-1-1-min.png\" \/>\r\n\r\n\t\t\t\t\t\t\t\r\n\t\t\t\t\t\t\t\t\t\t\t\t\t<\/div>\r\n\t\t\t\t\t\t\t\t\t\t\t\t<div class=\"sp-slide\">\r\n\t\t\t\t\t\t\t<img decoding=\"async\" class=\"sp-image\" alt=\"IDENTIDAD\" src=\"https:\/\/hablemos.co\/web\/wp-content\/plugins\/ultimate-responsive-image-slider\/assets\/css\/images\/blank.gif\" data-src=\"https:\/\/hablemos.co\/web\/wp-content\/uploads\/2021\/05\/IDENTIDAD.jpg\" \/>\r\n\r\n\t\t\t\t\t\t\t\r\n\t\t\t\t\t\t\t\t\t\t\t\t\t<\/div>\r\n\t\t\t\t\t\t\t\t\t\t\t\t<div class=\"sp-slide\">\r\n\t\t\t\t\t\t\t<img decoding=\"async\" class=\"sp-image\" alt=\"OPORTUNIDADES\" src=\"https:\/\/hablemos.co\/web\/wp-content\/plugins\/ultimate-responsive-image-slider\/assets\/css\/images\/blank.gif\" data-src=\"https:\/\/hablemos.co\/web\/wp-content\/uploads\/2021\/05\/OPORTUNIDADES.jpg\" \/>\r\n\r\n\t\t\t\t\t\t\t\r\n\t\t\t\t\t\t\t\t\t\t\t\t\t<\/div>\r\n\t\t\t\t\t\t\t\t\t\t\t\t<div class=\"sp-slide\">\r\n\t\t\t\t\t\t\t<img decoding=\"async\" class=\"sp-image\" alt=\"ENFOQUE\" src=\"https:\/\/hablemos.co\/web\/wp-content\/plugins\/ultimate-responsive-image-slider\/assets\/css\/images\/blank.gif\" data-src=\"https:\/\/hablemos.co\/web\/wp-content\/uploads\/2021\/05\/ENFOQUE.jpg\" \/>\r\n\r\n\t\t\t\t\t\t\t\r\n\t\t\t\t\t\t\t\t\t\t\t\t\t<\/div>\r\n\t\t\t\t\t\t\t\t\t\t\t\t<div class=\"sp-slide\">\r\n\t\t\t\t\t\t\t<img decoding=\"async\" class=\"sp-image\" alt=\"TERRITORIO\" src=\"https:\/\/hablemos.co\/web\/wp-content\/plugins\/ultimate-responsive-image-slider\/assets\/css\/images\/blank.gif\" data-src=\"https:\/\/hablemos.co\/web\/wp-content\/uploads\/2021\/05\/TERRITORIO.jpg\" \/>\r\n\r\n\t\t\t\t\t\t\t\r\n\t\t\t\t\t\t\t\t\t\t\t\t\t<\/div>\r\n\t\t\t\t\t\t\t\t\t<\/div>\r\n\t\t\t\r\n\t\t\t<!---- slides div end ---->\r\n\t\t\t\t\t\t<!-- slides thumbnails div end -->\r\n\t\t<\/div>\r\n[\/et_pb_fullwidth_code][\/et_pb_section][et_pb_section fb_built=&#8221;1&#8243; disabled_on=&#8221;off|off|off&#8221; module_id=&#8221;convocatoria&#8221; _builder_version=&#8221;3.22.4&#8243;][et_pb_row _builder_version=&#8221;3.22.4&#8243; border_radii=&#8221;on|10px|10px|10px|10px&#8221; box_shadow_style=&#8221;preset1&#8243;][et_pb_column type=&#8221;4_4&#8243; _builder_version=&#8221;3.22.4&#8243;][et_pb_video src=&#8221;https:\/\/hablemos.co\/web\/wp-content\/uploads\/2023\/04\/WhatsApp-Video-2023-04-12-at-12.21.14-PM.mp4&#8243; _builder_version=&#8221;3.22.4&#8243; image_src=&#8221;https:\/\/hablemos.co\/web\/wp-content\/uploads\/2023\/04\/Captura-de-Pantalla-2023-04-12-a-las-1.24.00-p.m..png&#8221;][\/et_pb_video][et_pb_text _builder_version=&#8221;3.22.4&#8243; text_font=&#8221;||||||||&#8221; text_font_size=&#8221;19px&#8221; text_font_size_tablet=&#8221;18px&#8221; text_font_size_phone=&#8221;16px&#8221; text_font_size_last_edited=&#8221;on|phone&#8221; custom_padding=&#8221;|32px||32px||true&#8221;]<\/p>\n<p style=\"text-align: justify;\">Si eres emprendedor, emprendedora o perteneces a una asociacion agropecuaria y vives en los municipios de Villa del Rosario y Ragonvalia. Te invitamos a vincularte al proyecto &#8220;<strong>Conectando Sue\u00f1os<\/strong>&#8221; donde creceremos juntos.<\/p>\n<p><strong>Si eres emprendedor o emprendedora inscribete en el siguiente link<\/strong><\/p>\n<p><a href=\"https:\/\/docs.google.com\/forms\/u\/3\/d\/1SNWSmRKBkoEYsXv_blwIeIOiVmrBAEDL0z0Zw6KSxj8\/\" target=\"_blank\" rel=\"noopener noreferrer\">https:\/\/docs.google.com\/forms\/u\/3\/d\/1SNWSmRKBkoEYsXv_blwIeIOiVmrBAEDL0z0Zw6KSxj8\/<\/a><\/p>\n<p><strong>Si eres asociacion agropecuaria inscribete en el siguiente link<\/strong><\/p>\n<p><a href=\"https:\/\/docs.google.com\/forms\/d\/1AtK33BvH-r8q_8etG0ucA8fDGtbkoucGvsGzGKtuOWA\" target=\"_blank\" rel=\"noopener noreferrer\">https:\/\/docs.google.com\/forms\/d\/1AtK33BvH-r8q_8etG0ucA8fDGtbkoucGvsGzGKtuOWA<\/a><\/p>\n<p>&nbsp;<\/p>\n<p>[\/et_pb_text][\/et_pb_column][\/et_pb_row][\/et_pb_section][et_pb_section fb_built=&#8221;1&#8243; _builder_version=&#8221;3.22.3&#8243; custom_padding=&#8221;0|0px|54px|0px|false|false&#8221;][et_pb_row _builder_version=&#8221;3.22.3&#8243;][et_pb_column type=&#8221;4_4&#8243; _builder_version=&#8221;3.17.4&#8243;][et_pb_text _builder_version=&#8221;3.22.4&#8243; header_font=&#8221;|800|||||||&#8221;]<\/p>\n<h1 style=\"text-align: center;\">Proyectos<\/h1>\n<p>[\/et_pb_text][\/et_pb_column][\/et_pb_row][et_pb_row _builder_version=&#8221;3.22.3&#8243;][et_pb_column type=&#8221;4_4&#8243; _builder_version=&#8221;3.17.4&#8243;][et_pb_blog fullwidth=&#8221;off&#8221; posts_number=&#8221;6&#8243; include_categories=&#8221;9&#8243; show_author=&#8221;off&#8221; show_date=&#8221;off&#8221; show_categories=&#8221;off&#8221; show_pagination=&#8221;off&#8221; _builder_version=&#8221;3.17.4&#8243; header_font=&#8221;Lato||||||||&#8221; header_text_align=&#8221;center&#8221; meta_font=&#8221;||||||||&#8221; pagination_font=&#8221;||||||||&#8221; box_shadow_style=&#8221;preset1&#8243; animation_style=&#8221;bounce&#8221;][\/et_pb_blog][\/et_pb_column][\/et_pb_row][et_pb_row _builder_version=&#8221;3.22.3&#8243;][et_pb_column type=&#8221;4_4&#8243; _builder_version=&#8221;3.17.4&#8243;][et_pb_button button_url=&#8221;https:\/\/hablemos.co\/web\/proyectos\/&#8221; button_text=&#8221;Ver m\u00e1s&#8221; button_alignment=&#8221;center&#8221; _builder_version=&#8221;3.17.4&#8243;][\/et_pb_button][\/et_pb_column][\/et_pb_row][\/et_pb_section][et_pb_section fb_built=&#8221;1&#8243; _builder_version=&#8221;3.22.3&#8243;][et_pb_row _builder_version=&#8221;3.22.3&#8243;][et_pb_column type=&#8221;4_4&#8243; _builder_version=&#8221;3.17.4&#8243;][et_pb_text _builder_version=&#8221;3.17.4&#8243; header_font=&#8221;|800|||||||&#8221;]<\/p>\n<h1 style=\"text-align: center;\">\u00daltimas Noticias<\/h1>\n<p>[\/et_pb_text][\/et_pb_column][\/et_pb_row][et_pb_row _builder_version=&#8221;3.22.3&#8243;][et_pb_column type=&#8221;4_4&#8243; _builder_version=&#8221;3.17.4&#8243;][et_pb_blog fullwidth=&#8221;off&#8221; posts_number=&#8221;3&#8243; include_categories=&#8221;10&#8243; show_more=&#8221;on&#8221; show_author=&#8221;off&#8221; show_date=&#8221;off&#8221; show_categories=&#8221;off&#8221; show_pagination=&#8221;off&#8221; _builder_version=&#8221;3.17.4&#8243; header_font=&#8221;Lato||||||||&#8221; header_text_align=&#8221;center&#8221; meta_font=&#8221;||||||||&#8221; box_shadow_style=&#8221;preset1&#8243; animation_style=&#8221;bounce&#8221;][\/et_pb_blog][\/et_pb_column][\/et_pb_row][\/et_pb_section][et_pb_section fb_built=&#8221;1&#8243; _builder_version=&#8221;3.22.3&#8243; custom_padding=&#8221;0|0px|0px|0px|false|false&#8221;][et_pb_row _builder_version=&#8221;3.22.3&#8243;][et_pb_column type=&#8221;4_4&#8243; _builder_version=&#8221;3.17.4&#8243;][et_pb_text _builder_version=&#8221;3.22.4&#8243; header_font=&#8221;|800|||||||&#8221;]<\/p>\n<h1 style=\"text-align: center;\">Aliados<\/h1>\n<p>[\/et_pb_text][\/et_pb_column][\/et_pb_row][\/et_pb_section][et_pb_section fb_built=&#8221;1&#8243; fullwidth=&#8221;on&#8221; _builder_version=&#8221;3.22.4&#8243; custom_padding=&#8221;0px|||||&#8221;][et_pb_fullwidth_image src=&#8221;https:\/\/hablemos.co\/web\/wp-content\/uploads\/2021\/05\/logos-inicio.jpg&#8221; _builder_version=&#8221;3.22.4&#8243; custom_padding=&#8221;0px|||||&#8221;][\/et_pb_fullwidth_image][\/et_pb_section][et_pb_section fb_built=&#8221;1&#8243; _builder_version=&#8221;3.22.4&#8243; background_color=&#8221;#7D87AF&#8221; custom_padding=&#8221;0px||0px|||&#8221;][et_pb_row _builder_version=&#8221;3.22.3&#8243;][et_pb_column type=&#8221;4_4&#8243; _builder_version=&#8221;3.17.4&#8243;][et_pb_text _builder_version=&#8221;3.22.4&#8243; header_font=&#8221;|800|||||||&#8221; header_text_color=&#8221;#ffffff&#8221; header_text_shadow_style=&#8221;preset1&#8243;]<\/p>\n<h1 style=\"text-align: center;\">S\u00edguenos en Redes Sociales<\/h1>\n<p>[\/et_pb_text][\/et_pb_column][\/et_pb_row][\/et_pb_section][et_pb_section fb_built=&#8221;1&#8243; _builder_version=&#8221;3.22.4&#8243; custom_padding=&#8221;50px||49px|||&#8221;][et_pb_row _builder_version=&#8221;3.22.4&#8243;][et_pb_column type=&#8221;1_3&#8243; _builder_version=&#8221;3.22.4&#8243;][et_pb_text _builder_version=&#8221;3.22.4&#8243;]<iframe loading=\"lazy\" style=\"border: none; overflow: hidden;\" src=\"https:\/\/www.facebook.com\/plugins\/page.php?href=https%3A%2F%2Fwww.facebook.com%2FFunHablemos&amp;tabs=timeline&amp;width=340&amp;height=500&amp;small_header=false&amp;adapt_container_width=true&amp;hide_cover=false&amp;show_facepile=true&amp;appId=281952202300901\" width=\"340\" height=\"500\" frameborder=\"0\" scrolling=\"no\"><\/iframe>[\/et_pb_text][\/et_pb_column][et_pb_column type=&#8221;1_3&#8243; _builder_version=&#8221;3.22.4&#8243;][et_pb_text _builder_version=&#8221;3.22.4&#8243;]<a class=\"twitter-timeline\" href=\"https:\/\/twitter.com\/FunHablemos?ref_src=twsrc%5Etfw\" data-width=\"340\" data-height=\"500\" data-theme=\"light\">Tweets by hablemosdeNdS<\/a> <script async src=\"https:\/\/platform.twitter.com\/widgets.js\" charset=\"utf-8\"><\/script>[\/et_pb_text][\/et_pb_column][et_pb_column type=&#8221;1_3&#8243; _builder_version=&#8221;3.22.4&#8243;][et_pb_text _builder_version=&#8221;3.22.4&#8243;]\n<div id=\"sb_instagram\"  class=\"sbi sbi_mob_col_1 sbi_tab_col_2 sbi_col_3\" style=\"width: 100%;\"\t data-feedid=\"*1\"  data-res=\"auto\" data-cols=\"3\" data-colsmobile=\"1\" data-colstablet=\"2\" data-num=\"12\" data-nummobile=\"\" data-item-padding=\"\"\t data-shortcode-atts=\"{}\"  data-postid=\"2494\" data-locatornonce=\"eeffa6d1ca\" data-imageaspectratio=\"1:1\" data-sbi-flags=\"favorLocal\">\n\t\n\t<div id=\"sbi_images\" >\n\t\t\t<\/div>\n\n\t<div id=\"sbi_load\" >\n\n\t\n\t\n<\/div>\n\t\t<span class=\"sbi_resized_image_data\" data-feed-id=\"*1\"\n\t\t  data-resized=\"[]\">\n\t<\/span>\n\t<\/div>\n\n[\/et_pb_text][\/et_pb_column][\/et_pb_row][\/et_pb_section][et_pb_section fb_built=&#8221;1&#8243; _builder_version=&#8221;3.22.4&#8243; background_color=&#8221;#7D87AF&#8221; custom_padding=&#8221;0px||0px|||&#8221;][et_pb_row custom_padding=&#8221;0px|||||&#8221; _builder_version=&#8221;3.22.4&#8243;][et_pb_column type=&#8221;4_4&#8243; _builder_version=&#8221;3.22.4&#8243;][\/et_pb_column][\/et_pb_row][\/et_pb_section][et_pb_section fb_built=&#8221;1&#8243; _builder_version=&#8221;3.22.4&#8243; custom_padding=&#8221;50px||49px|||&#8221;][et_pb_row _builder_version=&#8221;3.22.4&#8243;][et_pb_column type=&#8221;1_3&#8243; _builder_version=&#8221;3.22.4&#8243;][et_pb_text _builder_version=&#8221;3.22.4&#8243;]<\/p>\n<p><img loading=\"lazy\" decoding=\"async\" class=\"alignnone size-medium wp-image-214\" src=\"https:\/\/hablemos.co\/web\/wp-content\/uploads\/2021\/05\/logo-m2.png\" alt=\"\" width=\"300\" height=\"171\" \/><\/p>\n<p style=\"text-align: justify;\">Somos una fundaci\u00f3n dedicada a potenciar las capacidades de la ciudadan\u00eda hacia la construcci\u00f3n del patrimonio cultural e hist\u00f3rico de la regi\u00f3n desde un enfoque de derechos y desarrollo territorial con un alto componente de innovaci\u00f3n como aporte al fortalecimiento del tejido social en Norte de Santander.<\/p>\n<p><i class=\"fas fa-map-marker-alt\"><\/i> Avenida 0A #19-41 Barrio Blanco<\/p>\n<p><i class=\"fas fa-mobile-alt\"><\/i> Celular: 3142923457<\/p>\n<p><i class=\"far fa-envelope\"><\/i> administrativo@hablemos.co<\/p>\n<p>[\/et_pb_text][\/et_pb_column][et_pb_column type=&#8221;2_3&#8243; _builder_version=&#8221;3.22.4&#8243;][et_pb_map address=&#8221;C\u00facuta, Norte de Santander, Colombia&#8221; zoom_level=&#8221;17&#8243; address_lat=&#8221;7.878597200213&#8243; address_lng=&#8221;-72.497408432016&#8243; _builder_version=&#8221;3.22.4&#8243; custom_margin=&#8221;70px|||||&#8221;][et_pb_map_pin title=&#8221;Informaci\u00f3n de contacto&#8221; pin_address=&#8221;Av. 0a ##19-41, C\u00facuta, Norte de Santander, Colombia&#8221; pin_address_lat=&#8221;7.8784661&#8243; pin_address_lng=&#8221;-72.4975353&#8243; _builder_version=&#8221;3.22.4&#8243;]<\/p>\n<p><strong>Direcci\u00f3n:<\/strong><br \/>\nAv. 0A #19-41, Barrio Blanco 540006 C\u00facuta, Colombia<br \/> <strong>Celular:<\/strong>\u00a03142923457<br \/> <strong>Correo:<\/strong>\u00a0administrativo@hablemos.co<\/p>\n<p>[\/et_pb_map_pin][\/et_pb_map][\/et_pb_column][\/et_pb_row][\/et_pb_section][et_pb_section fb_built=&#8221;1&#8243; inner_shadow=&#8221;on&#8221; module_id=&#8221;promo2&#8243; module_class=&#8221;popup&#8221; _builder_version=&#8221;3.22.4&#8243; background_color=&#8221;rgba(255,255,255,0.05)&#8221; width=&#8221;73%&#8221; custom_padding=&#8221;0px||0px|||&#8221;][et_pb_row custom_padding=&#8221;0px||0px|||&#8221; _builder_version=&#8221;3.22.4&#8243;][et_pb_column type=&#8221;4_4&#8243; _builder_version=&#8221;3.22.4&#8243;][et_pb_video src=&#8221;https:\/\/www.youtube.com\/watch?v=y673tpdgKrU&#8221; _builder_version=&#8221;3.22.4&#8243;][\/et_pb_video][\/et_pb_column][\/et_pb_row][\/et_pb_section]<\/p>\n","protected":false},"excerpt":{"rendered":"<p>Somos una fundaci\u00f3n dedicada a potenciar las capacidades de la ciudadan\u00eda hacia la construcci\u00f3n del patrimonio cultural e hist\u00f3rico de la regi\u00f3n desde un enfoque de derechos y desarrollo territorial con un alto componente de innovaci\u00f3n como aporte al fortalecimiento del tejido social en Norte de Santander.<\/p>\n","protected":false},"author":1,"featured_media":0,"parent":0,"menu_order":0,"comment_status":"closed","ping_status":"closed","template":"","meta":{"_et_pb_use_builder":"on","_et_pb_old_content":"","footnotes":""},"class_list":["post-7","page","type-page","status-publish","hentry"],"yoast_head":"<!-- This site is optimized with the Yoast SEO plugin v24.2 - https:\/\/yoast.com\/wordpress\/plugins\/seo\/ -->\n<title>Inicio - Hablemos<\/title>\n<meta name=\"robots\" content=\"index, follow, max-snippet:-1, max-image-preview:large, max-video-preview:-1\" \/>\n<link rel=\"canonical\" href=\"https:\/\/hablemos.co\/web\/\" \/>\n<meta property=\"og:locale\" content=\"es_ES\" \/>\n<meta property=\"og:type\" content=\"article\" \/>\n<meta property=\"og:title\" content=\"Inicio - Hablemos\" \/>\n<meta property=\"og:description\" content=\"Somos una fundaci\u00f3n dedicada a potenciar las capacidades de la ciudadan\u00eda hacia la construcci\u00f3n del patrimonio cultural e hist\u00f3rico de la regi\u00f3n desde un enfoque de derechos y desarrollo territorial con un alto componente de innovaci\u00f3n como aporte al fortalecimiento del tejido social en Norte de Santander.\" \/>\n<meta property=\"og:url\" content=\"https:\/\/hablemos.co\/web\/\" \/>\n<meta property=\"og:site_name\" content=\"Hablemos\" \/>\n<meta property=\"article:publisher\" content=\"https:\/\/www.facebook.com\/FunHablemos\" \/>\n<meta property=\"article:modified_time\" content=\"2023-04-12T18:29:19+00:00\" \/>\n<meta property=\"og:image\" content=\"https:\/\/hablemos.co\/web\/wp-content\/uploads\/2021\/05\/logo-m2.png\" \/>\n<meta name=\"twitter:card\" content=\"summary_large_image\" \/>\n<meta name=\"twitter:site\" content=\"@FunHablemos\" \/>\n<meta name=\"twitter:label1\" content=\"Tiempo de lectura\" \/>\n\t<meta name=\"twitter:data1\" content=\"5 minutos\" \/>\n<script type=\"application\/ld+json\" class=\"yoast-schema-graph\">{\"@context\":\"https:\/\/schema.org\",\"@graph\":[{\"@type\":\"WebPage\",\"@id\":\"https:\/\/hablemos.co\/web\/\",\"url\":\"https:\/\/hablemos.co\/web\/\",\"name\":\"Inicio - Hablemos\",\"isPartOf\":{\"@id\":\"https:\/\/hablemos.co\/web\/#website\"},\"primaryImageOfPage\":{\"@id\":\"https:\/\/hablemos.co\/web\/#primaryimage\"},\"image\":{\"@id\":\"https:\/\/hablemos.co\/web\/#primaryimage\"},\"thumbnailUrl\":\"https:\/\/hablemos.co\/web\/wp-content\/uploads\/2021\/05\/logo-m2.png\",\"datePublished\":\"2018-12-04T15:19:17+00:00\",\"dateModified\":\"2023-04-12T18:29:19+00:00\",\"breadcrumb\":{\"@id\":\"https:\/\/hablemos.co\/web\/#breadcrumb\"},\"inLanguage\":\"es\",\"potentialAction\":[{\"@type\":\"ReadAction\",\"target\":[\"https:\/\/hablemos.co\/web\/\"]}]},{\"@type\":\"ImageObject\",\"inLanguage\":\"es\",\"@id\":\"https:\/\/hablemos.co\/web\/#primaryimage\",\"url\":\"https:\/\/hablemos.co\/web\/wp-content\/uploads\/2021\/05\/logo-m2.png\",\"contentUrl\":\"https:\/\/hablemos.co\/web\/wp-content\/uploads\/2021\/05\/logo-m2.png\",\"width\":282,\"height\":131},{\"@type\":\"BreadcrumbList\",\"@id\":\"https:\/\/hablemos.co\/web\/#breadcrumb\",\"itemListElement\":[{\"@type\":\"ListItem\",\"position\":1,\"name\":\"Portada\",\"item\":\"https:\/\/hablemos.co\/web\/\"},{\"@type\":\"ListItem\",\"position\":2,\"name\":\"Inicio\"}]},{\"@type\":\"WebSite\",\"@id\":\"https:\/\/hablemos.co\/web\/#website\",\"url\":\"https:\/\/hablemos.co\/web\/\",\"name\":\"Fundaci\u00f3n Hablemos\",\"description\":\"de oportunidades en la frontera\",\"publisher\":{\"@id\":\"https:\/\/hablemos.co\/web\/#organization\"},\"potentialAction\":[{\"@type\":\"SearchAction\",\"target\":{\"@type\":\"EntryPoint\",\"urlTemplate\":\"https:\/\/hablemos.co\/web\/?s={search_term_string}\"},\"query-input\":{\"@type\":\"PropertyValueSpecification\",\"valueRequired\":true,\"valueName\":\"search_term_string\"}}],\"inLanguage\":\"es\"},{\"@type\":\"Organization\",\"@id\":\"https:\/\/hablemos.co\/web\/#organization\",\"name\":\"Fundaci\u00f3n Hablemos\",\"url\":\"https:\/\/hablemos.co\/web\/\",\"logo\":{\"@type\":\"ImageObject\",\"inLanguage\":\"es\",\"@id\":\"https:\/\/hablemos.co\/web\/#\/schema\/logo\/image\/\",\"url\":\"https:\/\/hablemos.co\/web\/wp-content\/uploads\/2019\/03\/logo-Web_RGB.png\",\"contentUrl\":\"https:\/\/hablemos.co\/web\/wp-content\/uploads\/2019\/03\/logo-Web_RGB.png\",\"width\":4160,\"height\":2085,\"caption\":\"Fundaci\u00f3n Hablemos\"},\"image\":{\"@id\":\"https:\/\/hablemos.co\/web\/#\/schema\/logo\/image\/\"},\"sameAs\":[\"https:\/\/www.facebook.com\/FunHablemos\",\"https:\/\/x.com\/FunHablemos\",\"https:\/\/www.instagram.com\/FunHablemos\",\"https:\/\/www.youtube.com\/channel\/UCzK-7VtMotv53nQLJaLcoXA\"]}]}<\/script>\n<!-- \/ Yoast SEO plugin. -->","yoast_head_json":{"title":"Inicio - Hablemos","robots":{"index":"index","follow":"follow","max-snippet":"max-snippet:-1","max-image-preview":"max-image-preview:large","max-video-preview":"max-video-preview:-1"},"canonical":"https:\/\/hablemos.co\/web\/","og_locale":"es_ES","og_type":"article","og_title":"Inicio - Hablemos","og_description":"Somos una fundaci\u00f3n dedicada a potenciar las capacidades de la ciudadan\u00eda hacia la construcci\u00f3n del patrimonio cultural e hist\u00f3rico de la regi\u00f3n desde un enfoque de derechos y desarrollo territorial con un alto componente de innovaci\u00f3n como aporte al fortalecimiento del tejido social en Norte de Santander.","og_url":"https:\/\/hablemos.co\/web\/","og_site_name":"Hablemos","article_publisher":"https:\/\/www.facebook.com\/FunHablemos","article_modified_time":"2023-04-12T18:29:19+00:00","og_image":[{"url":"https:\/\/hablemos.co\/web\/wp-content\/uploads\/2021\/05\/logo-m2.png","type":"","width":"","height":""}],"twitter_card":"summary_large_image","twitter_site":"@FunHablemos","twitter_misc":{"Tiempo de lectura":"5 minutos"},"schema":{"@context":"https:\/\/schema.org","@graph":[{"@type":"WebPage","@id":"https:\/\/hablemos.co\/web\/","url":"https:\/\/hablemos.co\/web\/","name":"Inicio - Hablemos","isPartOf":{"@id":"https:\/\/hablemos.co\/web\/#website"},"primaryImageOfPage":{"@id":"https:\/\/hablemos.co\/web\/#primaryimage"},"image":{"@id":"https:\/\/hablemos.co\/web\/#primaryimage"},"thumbnailUrl":"https:\/\/hablemos.co\/web\/wp-content\/uploads\/2021\/05\/logo-m2.png","datePublished":"2018-12-04T15:19:17+00:00","dateModified":"2023-04-12T18:29:19+00:00","breadcrumb":{"@id":"https:\/\/hablemos.co\/web\/#breadcrumb"},"inLanguage":"es","potentialAction":[{"@type":"ReadAction","target":["https:\/\/hablemos.co\/web\/"]}]},{"@type":"ImageObject","inLanguage":"es","@id":"https:\/\/hablemos.co\/web\/#primaryimage","url":"https:\/\/hablemos.co\/web\/wp-content\/uploads\/2021\/05\/logo-m2.png","contentUrl":"https:\/\/hablemos.co\/web\/wp-content\/uploads\/2021\/05\/logo-m2.png","width":282,"height":131},{"@type":"BreadcrumbList","@id":"https:\/\/hablemos.co\/web\/#breadcrumb","itemListElement":[{"@type":"ListItem","position":1,"name":"Portada","item":"https:\/\/hablemos.co\/web\/"},{"@type":"ListItem","position":2,"name":"Inicio"}]},{"@type":"WebSite","@id":"https:\/\/hablemos.co\/web\/#website","url":"https:\/\/hablemos.co\/web\/","name":"Fundaci\u00f3n Hablemos","description":"de oportunidades en la frontera","publisher":{"@id":"https:\/\/hablemos.co\/web\/#organization"},"potentialAction":[{"@type":"SearchAction","target":{"@type":"EntryPoint","urlTemplate":"https:\/\/hablemos.co\/web\/?s={search_term_string}"},"query-input":{"@type":"PropertyValueSpecification","valueRequired":true,"valueName":"search_term_string"}}],"inLanguage":"es"},{"@type":"Organization","@id":"https:\/\/hablemos.co\/web\/#organization","name":"Fundaci\u00f3n Hablemos","url":"https:\/\/hablemos.co\/web\/","logo":{"@type":"ImageObject","inLanguage":"es","@id":"https:\/\/hablemos.co\/web\/#\/schema\/logo\/image\/","url":"https:\/\/hablemos.co\/web\/wp-content\/uploads\/2019\/03\/logo-Web_RGB.png","contentUrl":"https:\/\/hablemos.co\/web\/wp-content\/uploads\/2019\/03\/logo-Web_RGB.png","width":4160,"height":2085,"caption":"Fundaci\u00f3n Hablemos"},"image":{"@id":"https:\/\/hablemos.co\/web\/#\/schema\/logo\/image\/"},"sameAs":["https:\/\/www.facebook.com\/FunHablemos","https:\/\/x.com\/FunHablemos","https:\/\/www.instagram.com\/FunHablemos","https:\/\/www.youtube.com\/channel\/UCzK-7VtMotv53nQLJaLcoXA"]}]}},"_links":{"self":[{"href":"https:\/\/hablemos.co\/web\/wp-json\/wp\/v2\/pages\/7","targetHints":{"allow":["GET"]}}],"collection":[{"href":"https:\/\/hablemos.co\/web\/wp-json\/wp\/v2\/pages"}],"about":[{"href":"https:\/\/hablemos.co\/web\/wp-json\/wp\/v2\/types\/page"}],"author":[{"embeddable":true,"href":"https:\/\/hablemos.co\/web\/wp-json\/wp\/v2\/users\/1"}],"replies":[{"embeddable":true,"href":"https:\/\/hablemos.co\/web\/wp-json\/wp\/v2\/comments?post=7"}],"version-history":[{"count":201,"href":"https:\/\/hablemos.co\/web\/wp-json\/wp\/v2\/pages\/7\/revisions"}],"predecessor-version":[{"id":2686,"href":"https:\/\/hablemos.co\/web\/wp-json\/wp\/v2\/pages\/7\/revisions\/2686"}],"wp:attachment":[{"href":"https:\/\/hablemos.co\/web\/wp-json\/wp\/v2\/media?parent=7"}],"curies":[{"name":"wp","href":"https:\/\/api.w.org\/{rel}","templated":true}]}}