{"id":2529,"date":"2021-09-01T11:59:42","date_gmt":"2021-09-01T16:59:42","guid":{"rendered":"https:\/\/hablemos.co\/web\/?page_id=2529"},"modified":"2021-09-09T15:54:38","modified_gmt":"2021-09-09T20:54:38","slug":"donar","status":"publish","type":"page","link":"https:\/\/hablemos.co\/web\/donar\/","title":{"rendered":"donar"},"content":{"rendered":"<p>[et_pb_section fb_built=&#8221;1&#8243; fullwidth=&#8221;on&#8221; _builder_version=&#8221;3.22.4&#8243;][et_pb_fullwidth_code _builder_version=&#8221;3.22.4&#8243;]<script type=\"text\/javascript\">\r\ndocument.addEventListener(\"DOMContentLoaded\", function(event) { \r\n\tjQuery( '#slider-pro-3-2536' ).sliderPro({\r\n\t\t\/\/width\r\n\t\t\t\twidth: \"100%\",\r\n\t\t\t\t\r\n\t\t\/\/height\r\n\t\t\t\tautoHeight: true,\r\n\t\t\t\t\r\n\t\t\/\/auto play\r\n\t\t\t\tautoplay:  true,\r\n\t\tautoplayOnHover: 'none',\r\n\t\t\t\t\t\t\t\tautoplayDelay: 5000,\r\n\t\t\r\n\t\t\r\n\t\tarrows: true,\r\n\t\tbuttons: true,\r\n\t\tsmallSize: 500,\r\n\t\tmediumSize: 1000,\r\n\t\tlargeSize: 3000,\r\n\t\tfade: true,\r\n\t\t\r\n\t\t\/\/thumbnail\r\n\t\tthumbnailArrows: true,\r\n\t\tthumbnailWidth: 120,\r\n\t\tthumbnailHeight: 120,\r\n\t\t\t\t\t\tthumbnailsPosition: 'bottom',\r\n\t\t\t\t\t\tcenterImage: true,\r\n\t\timageScaleMode: 'cover',\r\n\t\tallowScaleUp: true,\r\n\t\t\t\tstartSlide: 0,\r\n\t\tloop: true,\r\n\t\tslideDistance: 5,\r\n\t\tautoplayDirection: 'normal',\r\n\t\ttouchSwipe: true,\r\n\t\tfullScreen: true,\r\n\t});\r\n});\r\n<\/script>\r\n<style>\r\n\/* Layout 3 *\/\r\n\/* border *\/\r\n#slider-pro-3-2536 .sp-selected-thumbnail {\r\n\tborder: 4px solid #000000;\r\n}\r\n\r\n\/* font + color *\/\r\n.title-in  {\r\n\tfont-family: Arial !important;\r\n\tcolor: #FFFFFF !important;\r\n\tbackground-color: #000000 !important;\r\n\topacity: 0.7 !important;\r\n}\r\n.desc-in  {\r\n\tfont-family: Arial !important;\r\n\tcolor: #FFFFFF !important;\r\n\tbackground-color: #00000 !important;\r\n\topacity: 0.7 !important;\r\n}\r\n\r\n\/* bullets color *\/\r\n.sp-button  {\r\n\tborder: 2px solid #000000 !important;\r\n}\r\n.sp-selected-button  {\r\n\tbackground-color: #000000 !important;\r\n}\r\n\r\n\/* pointer color - bottom *\/\r\n.sp-selected-thumbnail::before {\r\n\tborder-bottom: 5px solid #000000 !important;\r\n}\r\n.sp-selected-thumbnail::after {\r\n\tborder-bottom: 13px solid #000000 !important;\r\n}\r\n\r\n\/* pointer color - top *\/\r\n\r\n\/* full screen icon *\/\r\n.sp-full-screen-button::before {\r\n    color: #FFFFFF !important;\r\n}\r\n\r\n\/* hover navigation icon color *\/\r\n.sp-next-arrow::after, .sp-next-arrow::before {\r\n\tbackground-color: #FFFFFF !important;\r\n}\r\n.sp-previous-arrow::after, .sp-previous-arrow::before {\r\n\tbackground-color: #FFFFFF !important;\r\n}\r\n\r\n#slider-pro-3-2536 .title-in {\r\n\tcolor: #FFFFFF !important;\r\n\tfont-weight: bolder;\r\n\ttext-align: center;\r\n}\r\n\r\n#slider-pro-3-2536 .title-in-bg {\r\n\tbackground: rgba(255, 255, 255, 0.7); !important;\r\n\twhite-space: unset !important;\r\n\tmax-width: 90%;\r\n\tmin-width: 40%;\r\n\ttransform: initial !important;\r\n\t-webkit-transform: initial !important;\r\n\tfont-size: 14px !important;\r\n}\r\n\r\n#slider-pro-3-2536 .desc-in {\r\n\tcolor: #FFFFFF !important;\r\n\ttext-align: center;\r\n}\r\n#slider-pro-3-2536 .desc-in-bg {\r\n\tbackground: rgba(#00000, 0.7) !important;\r\n\twhite-space: unset !important;\r\n\twidth: 80% !important;\r\n\tmin-width: 30%;\r\n\ttransform: initial !important;\r\n\t-webkit-transform: initial !important;\r\n\tfont-size: 13px !important;\r\n}\r\n\r\n@media (max-width: 640px) {\r\n\t#slider-pro-3-2536 .hide-small-screen {\r\n\t\tdisplay: none;\r\n\t}\r\n}\r\n\r\n@media (max-width: 860px) {\r\n\t#slider-pro-3-2536 .sp-layer {\r\n\t\tfont-size: 18px;\r\n\t}\r\n\t\r\n\t#slider-pro-3-2536 .hide-medium-screen {\r\n\t\tdisplay: none;\r\n\t}\r\n}\r\n.slides-not-found {\r\n\tbackground-color: #a92929;\r\n\tborder-radius: 5px;\r\n\tcolor: #fff;\r\n\tfont-family: initial;\r\n\ttext-align: center;\r\n\tpadding:12px;\r\n}\r\n\/* Custom CSS *\/\r\n<\/style>\r\n\t\t<div id=\"slider-pro-3-2536\" class=\"slider-pro\">\r\n\t\t\t<!---- slides div start ---->\r\n\t\t\t<div class=\"sp-slides\">\r\n\t\t\t\t\t\t\t\t\t\t<div class=\"sp-slide\">\r\n\t\t\t\t\t\t\t<img decoding=\"async\" class=\"sp-image\" alt=\"donar\" src=\"https:\/\/hablemos.co\/web\/wp-content\/plugins\/ultimate-responsive-image-slider\/assets\/css\/images\/blank.gif\" data-src=\"https:\/\/hablemos.co\/web\/wp-content\/uploads\/2021\/09\/donar.jpg\" \/>\r\n\r\n\t\t\t\t\t\t\t\r\n\t\t\t\t\t\t\t\t\t\t\t\t\t<\/div>\r\n\t\t\t\t\t\t\t\t\t\t\t\t<div class=\"sp-slide\">\r\n\t\t\t\t\t\t\t<img decoding=\"async\" class=\"sp-image\" alt=\"slider1\" src=\"https:\/\/hablemos.co\/web\/wp-content\/plugins\/ultimate-responsive-image-slider\/assets\/css\/images\/blank.gif\" data-src=\"https:\/\/hablemos.co\/web\/wp-content\/uploads\/2021\/09\/slider1.jpg\" \/>\r\n\r\n\t\t\t\t\t\t\t\r\n\t\t\t\t\t\t\t\t\t\t\t\t\t<\/div>\r\n\t\t\t\t\t\t\t\t\t<\/div>\r\n\t\t\t\r\n\t\t\t<!---- slides div end ---->\r\n\t\t\t\t\t\t<!-- slides thumbnails div end -->\r\n\t\t<\/div>\r\n[\/et_pb_fullwidth_code][\/et_pb_section][et_pb_section fb_built=&#8221;1&#8243; _builder_version=&#8221;3.22.3&#8243; custom_padding=&#8221;0|0px|54px|0px|false|false&#8221;][et_pb_row _builder_version=&#8221;3.22.3&#8243;][et_pb_column type=&#8221;4_4&#8243; _builder_version=&#8221;3.17.4&#8243;][et_pb_text _builder_version=&#8221;3.22.4&#8243; header_font=&#8221;|800|||||||&#8221; inline_fonts=&#8221;Abel&#8221;]<\/p>\n<h1 style=\"text-align: center;\"><strong><span style=\"font-family: inherit;\">Generamos Oportunidades<\/span><\/strong><\/h1>\n<p>[\/et_pb_text][\/et_pb_column][\/et_pb_row][et_pb_row _builder_version=&#8221;3.22.4&#8243; border_radii=&#8221;on|10px|10px|10px|10px&#8221; box_shadow_style=&#8221;preset1&#8243;][et_pb_column type=&#8221;4_4&#8243; _builder_version=&#8221;3.22.4&#8243;][et_pb_text _builder_version=&#8221;3.22.4&#8243;]<iframe loading=\"lazy\" width=\"100%\" height=\"1700\" src=\"https:\/\/donaronline.org\/fundacion-hablemos\/hablemos-de-esperanza-y-dona\" class=\"lazyload\"><\/iframe>[\/et_pb_text][\/et_pb_column][\/et_pb_row][\/et_pb_section][et_pb_section fb_built=&#8221;1&#8243; fullwidth=&#8221;on&#8221; _builder_version=&#8221;3.22.4&#8243;][\/et_pb_section][et_pb_section fb_built=&#8221;1&#8243; fullwidth=&#8221;on&#8221; _builder_version=&#8221;3.22.4&#8243;][et_pb_fullwidth_image src=&#8221;https:\/\/hablemos.co\/web\/wp-content\/uploads\/2021\/09\/slider3.1.jpg&#8221; _builder_version=&#8221;3.22.4&#8243;][\/et_pb_fullwidth_image][\/et_pb_section][et_pb_section fb_built=&#8221;1&#8243; fullwidth=&#8221;on&#8221; _builder_version=&#8221;3.22.4&#8243;][et_pb_fullwidth_image src=&#8221;https:\/\/hablemos.co\/web\/wp-content\/uploads\/2021\/09\/slider2.jpg&#8221; _builder_version=&#8221;3.22.4&#8243;][\/et_pb_fullwidth_image][\/et_pb_section][et_pb_section fb_built=&#8221;1&#8243; specialty=&#8221;on&#8221; _builder_version=&#8221;3.22.4&#8243; custom_margin=&#8221;11px||6px&#8221; custom_padding=&#8221;27px||&#8221;][et_pb_column type=&#8221;1_2&#8243; _builder_version=&#8221;3.0.47&#8243;][et_pb_text _builder_version=&#8221;3.22.4&#8243; custom_margin=&#8221;97px|||||&#8221;]<\/p>\n<h1><strong>\u00a1AY\u00daDANOS A SEGUIR AYUDANDO!<\/strong><\/h1>\n<p>[\/et_pb_text][et_pb_text _builder_version=&#8221;3.22.4&#8243;]<\/p>\n<p style=\"text-align: justify;\">En equipo con los ni\u00f1os, j\u00f3venes, mujeres y hombres, construiremos un Norte de Santander m\u00e1s pr\u00f3spero, con educaci\u00f3n de calidad para las ni\u00f1as y ni\u00f1os, con m\u00e1s oportunidades para las jefas de familia y una frontera segura.\u00a0<\/p>\n<p>.<\/p>\n<p>[\/et_pb_text][\/et_pb_column][et_pb_column type=&#8221;1_2&#8243; specialty_columns=&#8221;2&#8243; _builder_version=&#8221;3.0.47&#8243;][et_pb_row_inner _builder_version=&#8221;3.22.4&#8243; border_radii=&#8221;on|10px|10px|10px|10px&#8221; box_shadow_style=&#8221;preset1&#8243;][et_pb_column_inner type=&#8221;4_4&#8243; saved_specialty_column_type=&#8221;1_2&#8243; _builder_version=&#8221;3.0.47&#8243;][et_pb_image src=&#8221;https:\/\/hablemos.co\/web\/wp-content\/uploads\/2021\/09\/FOTO-NI\u00d1OS-WEB-1.jpg&#8221; _builder_version=&#8221;3.22.4&#8243;][\/et_pb_image][\/et_pb_column_inner][\/et_pb_row_inner][\/et_pb_column][\/et_pb_section][et_pb_section fb_built=&#8221;1&#8243; fullwidth=&#8221;on&#8221; _builder_version=&#8221;3.22.4&#8243; custom_margin=&#8221;-15px||-58px&#8221;][et_pb_fullwidth_header _builder_version=&#8221;3.22.4&#8243; content_font=&#8221;||||||||&#8221; content_text_shadow_style=&#8221;preset2&#8243; content_text_shadow_horizontal_length=&#8221;-0.03em&#8221; content_text_shadow_vertical_length=&#8221;-0.11em&#8221; content_text_shadow_blur_strength=&#8221;0em&#8221; background_color=&#8221;#7d87af&#8221; min_height=&#8221;97px&#8221; title_level=&#8221;h2&#8243; title_font_size=&#8221;35px&#8221; title_letter_spacing=&#8221;1px&#8221; title_line_height=&#8221;1.1em&#8221; content_line_height=&#8221;1.2em&#8221; custom_margin=&#8221;-23px||-135px&#8221; custom_padding=&#8221;28px|||15px&#8221; title_font=&#8221;||||||||&#8221; subhead_font=&#8221;||||||||&#8221;]<\/p>\n<h1 style=\"text-align: center;\">Voluntarios<\/h1>\n<p style=\"text-align: center;\">\u00a1\u00danete como voluntario en nuestra Fundaci\u00f3n Hablemos!<\/p>\n<p style=\"text-align: center;\">Los voluntarios ofrecemos nuestro tiempo, conocimientos y recursos a favor de las personas m\u00e1s necesitadas.<\/p>\n<p>[\/et_pb_fullwidth_header][et_pb_fullwidth_slider _builder_version=&#8221;3.22.4&#8243; header_font=&#8221;||||||||&#8221; background_color=&#8221;#7d87af&#8221; min_height=&#8221;254px&#8221;][et_pb_slide heading=&#8221;!Las fronteras no existen cuando nos mueve la voluntad!&#8221; button_text=&#8221;Click Here&#8221; image=&#8221;https:\/\/hablemos.co\/web\/wp-content\/uploads\/2021\/09\/voluntariado-1.jpg&#8221; _builder_version=&#8221;3.22.4&#8243; header_font=&#8221;||||||||&#8221; header_font_size=&#8221;33px&#8221; header_text_shadow_style=&#8221;preset1&#8243; custom_button=&#8221;on&#8221; button_text_size=&#8221;22px&#8221; button_text_color=&#8221;rgba(0,0,0,0)&#8221; button_font=&#8221;||||||||&#8221;]<\/p>\n<p style=\"text-align: justify;\">La distancia nunca fue un impedimento para lograr acciones que transforman realidades. Con nuestro programa Voluntariado, demostramos que, con la entrega y pasi\u00f3n de nuestros funcionarios, incluso peque\u00f1as acciones, construyen pa\u00eds.<\/p>\n<p>[\/et_pb_slide][\/et_pb_fullwidth_slider][\/et_pb_section][et_pb_section fb_built=&#8221;1&#8243; fullwidth=&#8221;on&#8221; _builder_version=&#8221;3.22.4&#8243;][\/et_pb_section][et_pb_section fb_built=&#8221;1&#8243; fullwidth=&#8221;on&#8221; _builder_version=&#8221;3.22.4&#8243; custom_margin=&#8221;-4px||-75px&#8221;][et_pb_fullwidth_header title=&#8221;Donaciones f\u00edsicas&#8221; button_one_text=&#8221;Click Here&#8221; _builder_version=&#8221;3.22.4&#8243; title_font=&#8221;||||||||&#8221; title_text_shadow_style=&#8221;preset1&#8243; content_font=&#8221;||||||||&#8221; content_font_size=&#8221;19px&#8221; custom_button_one=&#8221;on&#8221; button_one_text_color=&#8221;rgba(0,0,0,0)&#8221; button_one_font=&#8221;||||||||&#8221; min_height=&#8221;273px&#8221; custom_margin=&#8221;-111px|||||&#8221;]<\/p>\n<p>En la Fundaci\u00f3n Hablemos recibimos todo tipo de donaciones<span>\u00a0y las hacemos llegar a los que mas necesitan con total claridad, responsabilidad y transparencia. Ropa, zapatos, electrodom\u00e9sticos, \u00fatiles de aseo, elementos de bioseguridad, kits de higiene menstrual o familiar, libros, juguetes y material pedag\u00f3gico, son algunos de los implementos que pueden aportar a la fundaci\u00f3n.\u00a0\u00a0<\/span><\/p>\n<p><span><\/span><\/p>\n<p><span><\/span><\/p>\n<p>&nbsp;<\/p>\n<p><span><\/span><\/p>\n<p>&nbsp;<\/p>\n<p><span><\/span><\/p>\n<p><strong>\u00bfC\u00f3mo las recibimos?<\/strong><\/p>\n<p>&nbsp;<\/p>\n<p>Para el env\u00edo de sus donaciones f\u00edsicas, por favor comun\u00edquese a<span style=\"font-size: 19px;\">l siguiente correo: a<\/span><span style=\"font-size: 19px;\">dministrativo@hablemos.co\u00a0\u00a0<\/span><\/p>\n<p>Tambi\u00e9n tenemos nuestra sede ubicada en la ciudad de C\u00facuta, Colombia: <span>Av. 0A #19-41, Barrio Blanco<\/span><\/p>\n<p>Recuerda, si est\u00e1s ubicado en la ciudad de C\u00facuta, contamos con toda la disponibilidad para recoger tus donaciones.\u00a0<\/p>\n<p><span><\/span><\/p>\n<p><span><\/span><\/p>\n<p><span><\/span><\/p>\n<p><span><\/span><\/p>\n<p>[\/et_pb_fullwidth_header][\/et_pb_section][et_pb_section fb_built=&#8221;1&#8243; _builder_version=&#8221;3.22.4&#8243; min_height=&#8221;98px&#8221; custom_margin=&#8221;-23px||-61px&#8221; custom_padding=&#8221;0px||50px&#8221;][et_pb_row _builder_version=&#8221;3.22.3&#8243;][et_pb_column type=&#8221;4_4&#8243; _builder_version=&#8221;3.17.4&#8243;][et_pb_text _builder_version=&#8221;3.22.4&#8243;]<\/p>\n<h4 style=\"text-align: center;\">\u00a1Gracias por t\u00fa donaci\u00f3n solidaria! #Cadagestocuenta.<\/h4>\n<p>[\/et_pb_text][\/et_pb_column][\/et_pb_row][\/et_pb_section][et_pb_section fb_built=&#8221;1&#8243; _builder_version=&#8221;3.22.4&#8243; background_color=&#8221;#7D87AF&#8221; custom_padding=&#8221;0px||0px|||&#8221;][et_pb_row _builder_version=&#8221;3.22.3&#8243;][et_pb_column type=&#8221;4_4&#8243; _builder_version=&#8221;3.17.4&#8243;][et_pb_text _builder_version=&#8221;3.22.4&#8243; header_font=&#8221;|800|||||||&#8221; header_text_color=&#8221;#ffffff&#8221; header_text_shadow_style=&#8221;preset1&#8243;]<\/p>\n<h1 style=\"text-align: center;\">S\u00edguenos en Redes Sociales<\/h1>\n<p>[\/et_pb_text][\/et_pb_column][\/et_pb_row][\/et_pb_section][et_pb_section fb_built=&#8221;1&#8243; _builder_version=&#8221;3.22.4&#8243; custom_padding=&#8221;50px||49px|||&#8221;][et_pb_row _builder_version=&#8221;3.22.4&#8243;][et_pb_column type=&#8221;1_3&#8243; _builder_version=&#8221;3.22.4&#8243;][et_pb_text _builder_version=&#8221;3.22.4&#8243;]<iframe loading=\"lazy\" style=\"border: none; overflow: hidden;\" src=\"https:\/\/www.facebook.com\/plugins\/page.php?href=https%3A%2F%2Fwww.facebook.com%2FFunHablemos&amp;tabs=timeline&amp;width=340&amp;height=500&amp;small_header=false&amp;adapt_container_width=true&amp;hide_cover=false&amp;show_facepile=true&amp;appId=281952202300901\" width=\"340\" height=\"500\" frameborder=\"0\" scrolling=\"no\"><\/iframe>[\/et_pb_text][\/et_pb_column][et_pb_column type=&#8221;1_3&#8243; _builder_version=&#8221;3.22.4&#8243;][et_pb_text _builder_version=&#8221;3.22.4&#8243;]<a class=\"twitter-timeline\" href=\"https:\/\/twitter.com\/FunHablemos?ref_src=twsrc%5Etfw\" data-width=\"340\" data-height=\"500\" data-theme=\"light\">Tweets by hablemosdeNdS<\/a> <script async=\"\" src=\"https:\/\/platform.twitter.com\/widgets.js\" charset=\"utf-8\"><\/script>[\/et_pb_text][\/et_pb_column][et_pb_column type=&#8221;1_3&#8243; _builder_version=&#8221;3.22.4&#8243;][et_pb_text _builder_version=&#8221;3.22.4&#8243;]\n<div id=\"sb_instagram\"  class=\"sbi sbi_mob_col_1 sbi_tab_col_2 sbi_col_3\" style=\"width: 100%;\"\t data-feedid=\"*1\"  data-res=\"auto\" data-cols=\"3\" data-colsmobile=\"1\" data-colstablet=\"2\" data-num=\"12\" data-nummobile=\"\" data-item-padding=\"\"\t data-shortcode-atts=\"{}\"  data-postid=\"2536\" data-locatornonce=\"bee4def913\" data-imageaspectratio=\"1:1\" data-sbi-flags=\"favorLocal\">\n\t\n\t<div id=\"sbi_images\" >\n\t\t\t<\/div>\n\n\t<div id=\"sbi_load\" >\n\n\t\n\t\n<\/div>\n\t\t<span class=\"sbi_resized_image_data\" data-feed-id=\"*1\"\n\t\t  data-resized=\"[]\">\n\t<\/span>\n\t<\/div>\n\n[\/et_pb_text][\/et_pb_column][\/et_pb_row][\/et_pb_section][et_pb_section fb_built=&#8221;1&#8243; _builder_version=&#8221;3.22.4&#8243; background_color=&#8221;#7D87AF&#8221; custom_padding=&#8221;0px||0px|||&#8221;][et_pb_row custom_padding=&#8221;0px|||||&#8221; _builder_version=&#8221;3.22.4&#8243;][et_pb_column type=&#8221;4_4&#8243; _builder_version=&#8221;3.22.4&#8243;][\/et_pb_column][\/et_pb_row][\/et_pb_section][et_pb_section fb_built=&#8221;1&#8243; _builder_version=&#8221;3.22.4&#8243; custom_padding=&#8221;50px||49px|||&#8221;][et_pb_row _builder_version=&#8221;3.22.4&#8243;][et_pb_column type=&#8221;1_3&#8243; _builder_version=&#8221;3.22.4&#8243;][et_pb_text _builder_version=&#8221;3.22.4&#8243;]<img loading=\"lazy\" decoding=\"async\" class=\"alignnone size-medium wp-image-214\" src=\"https:\/\/hablemos.co\/web\/wp-content\/uploads\/2021\/05\/logo-m2.png\" alt=\"\" width=\"300\" height=\"171\" \/><\/p>\n<p style=\"text-align: justify;\">Somos una fundaci\u00f3n dedicada a potenciar las capacidades de la ciudadan\u00eda hacia la construcci\u00f3n del patrimonio cultural e hist\u00f3rico de la regi\u00f3n desde un enfoque de derechos y desarrollo territorial con un alto componente de innovaci\u00f3n como aporte al fortalecimiento del tejido social en Norte de Santander.<\/p>\n<p><i class=\"fas fa-map-marker-alt\"><\/i> Avenida 0A #19-41 Barrio Blanco<\/p>\n<p><i class=\"fas fa-mobile-alt\"><\/i> Celular: 3142923457<\/p>\n<p><i class=\"far fa-envelope\"><\/i> administrativo@hablemos.co[\/et_pb_text][\/et_pb_column][et_pb_column type=&#8221;2_3&#8243; _builder_version=&#8221;3.22.4&#8243;][et_pb_map address=&#8221;C\u00facuta, Norte de Santander, Colombia&#8221; zoom_level=&#8221;17&#8243; address_lat=&#8221;7.878597200213&#8243; address_lng=&#8221;-72.497408432016&#8243; _builder_version=&#8221;3.22.4&#8243; custom_margin=&#8221;70px|||||&#8221;][et_pb_map_pin title=&#8221;Informaci\u00f3n de contacto&#8221; pin_address=&#8221;Av. 0a ##19-41, C\u00facuta, Norte de Santander, Colombia&#8221; pin_address_lat=&#8221;7.8784661&#8243; pin_address_lng=&#8221;-72.4975353&#8243; _builder_version=&#8221;3.22.4&#8243;]<strong>Direcci\u00f3n:<\/strong><br \/>\nAv. 0A #19-41, Barrio Blanco 540006 C\u00facuta, Colombia<br \/>\n<strong>Celular:<\/strong>\u00a03142923457<br \/>\n<strong>Correo:<\/strong>\u00a0administrativo@hablemos.co[\/et_pb_map_pin][\/et_pb_map][\/et_pb_column][\/et_pb_row][\/et_pb_section]<\/p>\n","protected":false},"excerpt":{"rendered":"<p>Somos una fundaci\u00f3n dedicada a potenciar las capacidades de la ciudadan\u00eda hacia la construcci\u00f3n del patrimonio cultural e hist\u00f3rico de la regi\u00f3n desde un enfoque de derechos y desarrollo territorial con un alto componente de innovaci\u00f3n como aporte al fortalecimiento del tejido social en Norte de Santander.<\/p>\n","protected":false},"author":2,"featured_media":0,"parent":0,"menu_order":0,"comment_status":"closed","ping_status":"closed","template":"","meta":{"_et_pb_use_builder":"on","_et_pb_old_content":"","footnotes":""},"class_list":["post-2529","page","type-page","status-publish","hentry"],"yoast_head":"<!-- This site is optimized with the Yoast SEO plugin v24.2 - https:\/\/yoast.com\/wordpress\/plugins\/seo\/ -->\n<title>donar - Hablemos<\/title>\n<meta name=\"robots\" content=\"index, follow, max-snippet:-1, max-image-preview:large, max-video-preview:-1\" \/>\n<link rel=\"canonical\" href=\"https:\/\/hablemos.co\/web\/donar\/\" \/>\n<meta property=\"og:locale\" content=\"es_ES\" \/>\n<meta property=\"og:type\" content=\"article\" \/>\n<meta property=\"og:title\" content=\"donar - Hablemos\" \/>\n<meta property=\"og:description\" content=\"Somos una fundaci\u00f3n dedicada a potenciar las capacidades de la ciudadan\u00eda hacia la construcci\u00f3n del patrimonio cultural e hist\u00f3rico de la regi\u00f3n desde un enfoque de derechos y desarrollo territorial con un alto componente de innovaci\u00f3n como aporte al fortalecimiento del tejido social en Norte de Santander.\" \/>\n<meta property=\"og:url\" content=\"https:\/\/hablemos.co\/web\/donar\/\" \/>\n<meta property=\"og:site_name\" content=\"Hablemos\" \/>\n<meta property=\"article:publisher\" content=\"https:\/\/www.facebook.com\/FunHablemos\" \/>\n<meta property=\"article:modified_time\" content=\"2021-09-09T20:54:38+00:00\" \/>\n<meta property=\"og:image\" content=\"https:\/\/hablemos.co\/web\/wp-content\/uploads\/2021\/05\/logo-m2.png\" \/>\n<meta name=\"twitter:card\" content=\"summary_large_image\" \/>\n<meta name=\"twitter:site\" content=\"@FunHablemos\" \/>\n<meta name=\"twitter:label1\" content=\"Tiempo de lectura\" \/>\n\t<meta name=\"twitter:data1\" content=\"6 minutos\" \/>\n<script type=\"application\/ld+json\" class=\"yoast-schema-graph\">{\"@context\":\"https:\/\/schema.org\",\"@graph\":[{\"@type\":\"WebPage\",\"@id\":\"https:\/\/hablemos.co\/web\/donar\/\",\"url\":\"https:\/\/hablemos.co\/web\/donar\/\",\"name\":\"donar - Hablemos\",\"isPartOf\":{\"@id\":\"https:\/\/hablemos.co\/web\/#website\"},\"primaryImageOfPage\":{\"@id\":\"https:\/\/hablemos.co\/web\/donar\/#primaryimage\"},\"image\":{\"@id\":\"https:\/\/hablemos.co\/web\/donar\/#primaryimage\"},\"thumbnailUrl\":\"https:\/\/hablemos.co\/web\/wp-content\/uploads\/2021\/05\/logo-m2.png\",\"datePublished\":\"2021-09-01T16:59:42+00:00\",\"dateModified\":\"2021-09-09T20:54:38+00:00\",\"breadcrumb\":{\"@id\":\"https:\/\/hablemos.co\/web\/donar\/#breadcrumb\"},\"inLanguage\":\"es\",\"potentialAction\":[{\"@type\":\"ReadAction\",\"target\":[\"https:\/\/hablemos.co\/web\/donar\/\"]}]},{\"@type\":\"ImageObject\",\"inLanguage\":\"es\",\"@id\":\"https:\/\/hablemos.co\/web\/donar\/#primaryimage\",\"url\":\"https:\/\/hablemos.co\/web\/wp-content\/uploads\/2021\/05\/logo-m2.png\",\"contentUrl\":\"https:\/\/hablemos.co\/web\/wp-content\/uploads\/2021\/05\/logo-m2.png\",\"width\":282,\"height\":131},{\"@type\":\"BreadcrumbList\",\"@id\":\"https:\/\/hablemos.co\/web\/donar\/#breadcrumb\",\"itemListElement\":[{\"@type\":\"ListItem\",\"position\":1,\"name\":\"Portada\",\"item\":\"https:\/\/hablemos.co\/web\/\"},{\"@type\":\"ListItem\",\"position\":2,\"name\":\"donar\"}]},{\"@type\":\"WebSite\",\"@id\":\"https:\/\/hablemos.co\/web\/#website\",\"url\":\"https:\/\/hablemos.co\/web\/\",\"name\":\"Fundaci\u00f3n Hablemos\",\"description\":\"de oportunidades en la frontera\",\"publisher\":{\"@id\":\"https:\/\/hablemos.co\/web\/#organization\"},\"potentialAction\":[{\"@type\":\"SearchAction\",\"target\":{\"@type\":\"EntryPoint\",\"urlTemplate\":\"https:\/\/hablemos.co\/web\/?s={search_term_string}\"},\"query-input\":{\"@type\":\"PropertyValueSpecification\",\"valueRequired\":true,\"valueName\":\"search_term_string\"}}],\"inLanguage\":\"es\"},{\"@type\":\"Organization\",\"@id\":\"https:\/\/hablemos.co\/web\/#organization\",\"name\":\"Fundaci\u00f3n Hablemos\",\"url\":\"https:\/\/hablemos.co\/web\/\",\"logo\":{\"@type\":\"ImageObject\",\"inLanguage\":\"es\",\"@id\":\"https:\/\/hablemos.co\/web\/#\/schema\/logo\/image\/\",\"url\":\"https:\/\/hablemos.co\/web\/wp-content\/uploads\/2019\/03\/logo-Web_RGB.png\",\"contentUrl\":\"https:\/\/hablemos.co\/web\/wp-content\/uploads\/2019\/03\/logo-Web_RGB.png\",\"width\":4160,\"height\":2085,\"caption\":\"Fundaci\u00f3n Hablemos\"},\"image\":{\"@id\":\"https:\/\/hablemos.co\/web\/#\/schema\/logo\/image\/\"},\"sameAs\":[\"https:\/\/www.facebook.com\/FunHablemos\",\"https:\/\/x.com\/FunHablemos\",\"https:\/\/www.instagram.com\/FunHablemos\",\"https:\/\/www.youtube.com\/channel\/UCzK-7VtMotv53nQLJaLcoXA\"]}]}<\/script>\n<!-- \/ Yoast SEO plugin. -->","yoast_head_json":{"title":"donar - Hablemos","robots":{"index":"index","follow":"follow","max-snippet":"max-snippet:-1","max-image-preview":"max-image-preview:large","max-video-preview":"max-video-preview:-1"},"canonical":"https:\/\/hablemos.co\/web\/donar\/","og_locale":"es_ES","og_type":"article","og_title":"donar - Hablemos","og_description":"Somos una fundaci\u00f3n dedicada a potenciar las capacidades de la ciudadan\u00eda hacia la construcci\u00f3n del patrimonio cultural e hist\u00f3rico de la regi\u00f3n desde un enfoque de derechos y desarrollo territorial con un alto componente de innovaci\u00f3n como aporte al fortalecimiento del tejido social en Norte de Santander.","og_url":"https:\/\/hablemos.co\/web\/donar\/","og_site_name":"Hablemos","article_publisher":"https:\/\/www.facebook.com\/FunHablemos","article_modified_time":"2021-09-09T20:54:38+00:00","og_image":[{"url":"https:\/\/hablemos.co\/web\/wp-content\/uploads\/2021\/05\/logo-m2.png","type":"","width":"","height":""}],"twitter_card":"summary_large_image","twitter_site":"@FunHablemos","twitter_misc":{"Tiempo de lectura":"6 minutos"},"schema":{"@context":"https:\/\/schema.org","@graph":[{"@type":"WebPage","@id":"https:\/\/hablemos.co\/web\/donar\/","url":"https:\/\/hablemos.co\/web\/donar\/","name":"donar - Hablemos","isPartOf":{"@id":"https:\/\/hablemos.co\/web\/#website"},"primaryImageOfPage":{"@id":"https:\/\/hablemos.co\/web\/donar\/#primaryimage"},"image":{"@id":"https:\/\/hablemos.co\/web\/donar\/#primaryimage"},"thumbnailUrl":"https:\/\/hablemos.co\/web\/wp-content\/uploads\/2021\/05\/logo-m2.png","datePublished":"2021-09-01T16:59:42+00:00","dateModified":"2021-09-09T20:54:38+00:00","breadcrumb":{"@id":"https:\/\/hablemos.co\/web\/donar\/#breadcrumb"},"inLanguage":"es","potentialAction":[{"@type":"ReadAction","target":["https:\/\/hablemos.co\/web\/donar\/"]}]},{"@type":"ImageObject","inLanguage":"es","@id":"https:\/\/hablemos.co\/web\/donar\/#primaryimage","url":"https:\/\/hablemos.co\/web\/wp-content\/uploads\/2021\/05\/logo-m2.png","contentUrl":"https:\/\/hablemos.co\/web\/wp-content\/uploads\/2021\/05\/logo-m2.png","width":282,"height":131},{"@type":"BreadcrumbList","@id":"https:\/\/hablemos.co\/web\/donar\/#breadcrumb","itemListElement":[{"@type":"ListItem","position":1,"name":"Portada","item":"https:\/\/hablemos.co\/web\/"},{"@type":"ListItem","position":2,"name":"donar"}]},{"@type":"WebSite","@id":"https:\/\/hablemos.co\/web\/#website","url":"https:\/\/hablemos.co\/web\/","name":"Fundaci\u00f3n Hablemos","description":"de oportunidades en la frontera","publisher":{"@id":"https:\/\/hablemos.co\/web\/#organization"},"potentialAction":[{"@type":"SearchAction","target":{"@type":"EntryPoint","urlTemplate":"https:\/\/hablemos.co\/web\/?s={search_term_string}"},"query-input":{"@type":"PropertyValueSpecification","valueRequired":true,"valueName":"search_term_string"}}],"inLanguage":"es"},{"@type":"Organization","@id":"https:\/\/hablemos.co\/web\/#organization","name":"Fundaci\u00f3n Hablemos","url":"https:\/\/hablemos.co\/web\/","logo":{"@type":"ImageObject","inLanguage":"es","@id":"https:\/\/hablemos.co\/web\/#\/schema\/logo\/image\/","url":"https:\/\/hablemos.co\/web\/wp-content\/uploads\/2019\/03\/logo-Web_RGB.png","contentUrl":"https:\/\/hablemos.co\/web\/wp-content\/uploads\/2019\/03\/logo-Web_RGB.png","width":4160,"height":2085,"caption":"Fundaci\u00f3n Hablemos"},"image":{"@id":"https:\/\/hablemos.co\/web\/#\/schema\/logo\/image\/"},"sameAs":["https:\/\/www.facebook.com\/FunHablemos","https:\/\/x.com\/FunHablemos","https:\/\/www.instagram.com\/FunHablemos","https:\/\/www.youtube.com\/channel\/UCzK-7VtMotv53nQLJaLcoXA"]}]}},"_links":{"self":[{"href":"https:\/\/hablemos.co\/web\/wp-json\/wp\/v2\/pages\/2529","targetHints":{"allow":["GET"]}}],"collection":[{"href":"https:\/\/hablemos.co\/web\/wp-json\/wp\/v2\/pages"}],"about":[{"href":"https:\/\/hablemos.co\/web\/wp-json\/wp\/v2\/types\/page"}],"author":[{"embeddable":true,"href":"https:\/\/hablemos.co\/web\/wp-json\/wp\/v2\/users\/2"}],"replies":[{"embeddable":true,"href":"https:\/\/hablemos.co\/web\/wp-json\/wp\/v2\/comments?post=2529"}],"version-history":[{"count":27,"href":"https:\/\/hablemos.co\/web\/wp-json\/wp\/v2\/pages\/2529\/revisions"}],"predecessor-version":[{"id":2585,"href":"https:\/\/hablemos.co\/web\/wp-json\/wp\/v2\/pages\/2529\/revisions\/2585"}],"wp:attachment":[{"href":"https:\/\/hablemos.co\/web\/wp-json\/wp\/v2\/media?parent=2529"}],"curies":[{"name":"wp","href":"https:\/\/api.w.org\/{rel}","templated":true}]}}